{"id":872,"date":"2021-04-28T14:31:08","date_gmt":"2021-04-28T12:31:08","guid":{"rendered":"https:\/\/www.nja-racing.com\/en\/?post_type=product&#038;p=872"},"modified":"2024-03-26T14:14:32","modified_gmt":"2024-03-26T13:14:32","slug":"support-droit-yamaha-r3","status":"publish","type":"product","link":"https:\/\/www.nja-racing.com\/en\/produit\/support-droit-yamaha-r3\/","title":{"rendered":"Straight support Yamaha R3"},"content":{"rendered":"<p>[vc_row][vc_column][vc_column_text]Straight support for models Performance et Race Yamaha R3.[\/vc_column_text][\/vc_column][\/vc_row]<\/p>\n","protected":false},"excerpt":{"rendered":"<p>[vc_row][vc_column][vc_column_text]Straight support for models Performance et Race Yamaha R3.[\/vc_column_text][\/vc_column][\/vc_row]<\/p>\n","protected":false},"featured_media":1033,"comment_status":"open","ping_status":"closed","template":"","meta":{"inline_featured_image":false},"product_brand":[],"product_cat":[20],"product_tag":[],"class_list":{"0":"post-872","1":"product","2":"type-product","3":"status-publish","4":"has-post-thumbnail","6":"product_cat-pieces-detachees","7":"tm-no-options","9":"first","10":"instock","11":"taxable","12":"shipping-taxable","13":"purchasable","14":"product-type-simple"},"bundle_layout":"","bundled_by":[],"bundled_items":[],"yoast_head":"<!-- This site is optimized with the Yoast SEO plugin v26.8 - https:\/\/yoast.com\/product\/yoast-seo-wordpress\/ -->\n<title>Pi\u00e8ce d\u00e9tach\u00e9e commande recul\u00e9e R3, support droit<\/title>\n<meta name=\"description\" content=\"NJA RACING propose des pi\u00e8ces d\u00e9tach\u00e9es commande recul\u00e9e Yamaha R3 pour le support droit. Contactez-nous !\" \/>\n<meta name=\"robots\" content=\"index, follow, max-snippet:-1, max-image-preview:large, max-video-preview:-1\" \/>\n<link rel=\"canonical\" href=\"https:\/\/www.nja-racing.com\/en\/produit\/support-droit-yamaha-r3\/\" \/>\n<meta property=\"og:locale\" content=\"en_GB\" \/>\n<meta property=\"og:type\" content=\"article\" \/>\n<meta property=\"og:title\" content=\"Pi\u00e8ce d\u00e9tach\u00e9e commande recul\u00e9e R3, support droit\" \/>\n<meta property=\"og:description\" content=\"NJA RACING propose des pi\u00e8ces d\u00e9tach\u00e9es commande recul\u00e9e Yamaha R3 pour le support droit. Contactez-nous !\" \/>\n<meta property=\"og:url\" content=\"https:\/\/www.nja-racing.com\/en\/produit\/support-droit-yamaha-r3\/\" \/>\n<meta property=\"og:site_name\" content=\"NJA Racing English\" \/>\n<meta property=\"article:modified_time\" content=\"2024-03-26T13:14:32+00:00\" \/>\n<meta property=\"og:image\" content=\"https:\/\/www.nja-racing.com\/en\/wp-content\/uploads\/sites\/2\/2021\/04\/support-droit-yamaha-r3.jpg\" \/>\n\t<meta property=\"og:image:width\" content=\"600\" \/>\n\t<meta property=\"og:image:height\" content=\"450\" \/>\n\t<meta property=\"og:image:type\" content=\"image\/jpeg\" \/>\n<meta name=\"twitter:card\" content=\"summary_large_image\" \/>\n<meta name=\"twitter:label1\" content=\"Estimated reading time\" \/>\n\t<meta name=\"twitter:data1\" content=\"1 minute\" \/>\n<script type=\"application\/ld+json\" class=\"yoast-schema-graph\">{\"@context\":\"https:\/\/schema.org\",\"@graph\":[{\"@type\":\"WebPage\",\"@id\":\"https:\/\/www.nja-racing.com\/en\/produit\/support-droit-yamaha-r3\/\",\"url\":\"https:\/\/www.nja-racing.com\/en\/produit\/support-droit-yamaha-r3\/\",\"name\":\"Pi\u00e8ce d\u00e9tach\u00e9e commande recul\u00e9e R3, support droit\",\"isPartOf\":{\"@id\":\"https:\/\/www.nja-racing.com\/en\/#website\"},\"primaryImageOfPage\":{\"@id\":\"https:\/\/www.nja-racing.com\/en\/produit\/support-droit-yamaha-r3\/#primaryimage\"},\"image\":{\"@id\":\"https:\/\/www.nja-racing.com\/en\/produit\/support-droit-yamaha-r3\/#primaryimage\"},\"thumbnailUrl\":\"https:\/\/www.nja-racing.com\/en\/wp-content\/uploads\/sites\/2\/2021\/04\/support-droit-yamaha-r3.jpg\",\"datePublished\":\"2021-04-28T12:31:08+00:00\",\"dateModified\":\"2024-03-26T13:14:32+00:00\",\"description\":\"NJA RACING propose des pi\u00e8ces d\u00e9tach\u00e9es commande recul\u00e9e Yamaha R3 pour le support droit. Contactez-nous !\",\"breadcrumb\":{\"@id\":\"https:\/\/www.nja-racing.com\/en\/produit\/support-droit-yamaha-r3\/#breadcrumb\"},\"inLanguage\":\"en-GB\",\"potentialAction\":[{\"@type\":\"ReadAction\",\"target\":[\"https:\/\/www.nja-racing.com\/en\/produit\/support-droit-yamaha-r3\/\"]}]},{\"@type\":\"ImageObject\",\"inLanguage\":\"en-GB\",\"@id\":\"https:\/\/www.nja-racing.com\/en\/produit\/support-droit-yamaha-r3\/#primaryimage\",\"url\":\"https:\/\/www.nja-racing.com\/en\/wp-content\/uploads\/sites\/2\/2021\/04\/support-droit-yamaha-r3.jpg\",\"contentUrl\":\"https:\/\/www.nja-racing.com\/en\/wp-content\/uploads\/sites\/2\/2021\/04\/support-droit-yamaha-r3.jpg\",\"width\":600,\"height\":450,\"caption\":\"support droit yamaha R3\"},{\"@type\":\"BreadcrumbList\",\"@id\":\"https:\/\/www.nja-racing.com\/en\/produit\/support-droit-yamaha-r3\/#breadcrumb\",\"itemListElement\":[{\"@type\":\"ListItem\",\"position\":1,\"name\":\"Accueil\",\"item\":\"https:\/\/www.nja-racing.com\/en\/\"},{\"@type\":\"ListItem\",\"position\":2,\"name\":\"Shop\",\"item\":\"https:\/\/www.nja-racing.com\/en\/boutique\/\"},{\"@type\":\"ListItem\",\"position\":3,\"name\":\"Straight support Yamaha R3\"}]},{\"@type\":\"WebSite\",\"@id\":\"https:\/\/www.nja-racing.com\/en\/#website\",\"url\":\"https:\/\/www.nja-racing.com\/en\/\",\"name\":\"NJA Racing English\",\"description\":\"Motocycle part manufacturer\",\"potentialAction\":[{\"@type\":\"SearchAction\",\"target\":{\"@type\":\"EntryPoint\",\"urlTemplate\":\"https:\/\/www.nja-racing.com\/en\/?s={search_term_string}\"},\"query-input\":{\"@type\":\"PropertyValueSpecification\",\"valueRequired\":true,\"valueName\":\"search_term_string\"}}],\"inLanguage\":\"en-GB\"}]}<\/script>\n<!-- \/ Yoast SEO plugin. -->","yoast_head_json":{"title":"Pi\u00e8ce d\u00e9tach\u00e9e commande recul\u00e9e R3, support droit","description":"NJA RACING propose des pi\u00e8ces d\u00e9tach\u00e9es commande recul\u00e9e Yamaha R3 pour le support droit. Contactez-nous !","robots":{"index":"index","follow":"follow","max-snippet":"max-snippet:-1","max-image-preview":"max-image-preview:large","max-video-preview":"max-video-preview:-1"},"canonical":"https:\/\/www.nja-racing.com\/en\/produit\/support-droit-yamaha-r3\/","og_locale":"en_GB","og_type":"article","og_title":"Pi\u00e8ce d\u00e9tach\u00e9e commande recul\u00e9e R3, support droit","og_description":"NJA RACING propose des pi\u00e8ces d\u00e9tach\u00e9es commande recul\u00e9e Yamaha R3 pour le support droit. Contactez-nous !","og_url":"https:\/\/www.nja-racing.com\/en\/produit\/support-droit-yamaha-r3\/","og_site_name":"NJA Racing English","article_modified_time":"2024-03-26T13:14:32+00:00","og_image":[{"width":600,"height":450,"url":"https:\/\/www.nja-racing.com\/en\/wp-content\/uploads\/sites\/2\/2021\/04\/support-droit-yamaha-r3.jpg","type":"image\/jpeg"}],"twitter_card":"summary_large_image","twitter_misc":{"Estimated reading time":"1 minute"},"schema":{"@context":"https:\/\/schema.org","@graph":[{"@type":"WebPage","@id":"https:\/\/www.nja-racing.com\/en\/produit\/support-droit-yamaha-r3\/","url":"https:\/\/www.nja-racing.com\/en\/produit\/support-droit-yamaha-r3\/","name":"Pi\u00e8ce d\u00e9tach\u00e9e commande recul\u00e9e R3, support droit","isPartOf":{"@id":"https:\/\/www.nja-racing.com\/en\/#website"},"primaryImageOfPage":{"@id":"https:\/\/www.nja-racing.com\/en\/produit\/support-droit-yamaha-r3\/#primaryimage"},"image":{"@id":"https:\/\/www.nja-racing.com\/en\/produit\/support-droit-yamaha-r3\/#primaryimage"},"thumbnailUrl":"https:\/\/www.nja-racing.com\/en\/wp-content\/uploads\/sites\/2\/2021\/04\/support-droit-yamaha-r3.jpg","datePublished":"2021-04-28T12:31:08+00:00","dateModified":"2024-03-26T13:14:32+00:00","description":"NJA RACING propose des pi\u00e8ces d\u00e9tach\u00e9es commande recul\u00e9e Yamaha R3 pour le support droit. Contactez-nous !","breadcrumb":{"@id":"https:\/\/www.nja-racing.com\/en\/produit\/support-droit-yamaha-r3\/#breadcrumb"},"inLanguage":"en-GB","potentialAction":[{"@type":"ReadAction","target":["https:\/\/www.nja-racing.com\/en\/produit\/support-droit-yamaha-r3\/"]}]},{"@type":"ImageObject","inLanguage":"en-GB","@id":"https:\/\/www.nja-racing.com\/en\/produit\/support-droit-yamaha-r3\/#primaryimage","url":"https:\/\/www.nja-racing.com\/en\/wp-content\/uploads\/sites\/2\/2021\/04\/support-droit-yamaha-r3.jpg","contentUrl":"https:\/\/www.nja-racing.com\/en\/wp-content\/uploads\/sites\/2\/2021\/04\/support-droit-yamaha-r3.jpg","width":600,"height":450,"caption":"support droit yamaha R3"},{"@type":"BreadcrumbList","@id":"https:\/\/www.nja-racing.com\/en\/produit\/support-droit-yamaha-r3\/#breadcrumb","itemListElement":[{"@type":"ListItem","position":1,"name":"Accueil","item":"https:\/\/www.nja-racing.com\/en\/"},{"@type":"ListItem","position":2,"name":"Shop","item":"https:\/\/www.nja-racing.com\/en\/boutique\/"},{"@type":"ListItem","position":3,"name":"Straight support Yamaha R3"}]},{"@type":"WebSite","@id":"https:\/\/www.nja-racing.com\/en\/#website","url":"https:\/\/www.nja-racing.com\/en\/","name":"NJA Racing English","description":"Motocycle part manufacturer","potentialAction":[{"@type":"SearchAction","target":{"@type":"EntryPoint","urlTemplate":"https:\/\/www.nja-racing.com\/en\/?s={search_term_string}"},"query-input":{"@type":"PropertyValueSpecification","valueRequired":true,"valueName":"search_term_string"}}],"inLanguage":"en-GB"}]}},"_links":{"self":[{"href":"https:\/\/www.nja-racing.com\/en\/wp-json\/wp\/v2\/product\/872","targetHints":{"allow":["GET"]}}],"collection":[{"href":"https:\/\/www.nja-racing.com\/en\/wp-json\/wp\/v2\/product"}],"about":[{"href":"https:\/\/www.nja-racing.com\/en\/wp-json\/wp\/v2\/types\/product"}],"replies":[{"embeddable":true,"href":"https:\/\/www.nja-racing.com\/en\/wp-json\/wp\/v2\/comments?post=872"}],"wp:featuredmedia":[{"embeddable":true,"href":"https:\/\/www.nja-racing.com\/en\/wp-json\/wp\/v2\/media\/1033"}],"wp:attachment":[{"href":"https:\/\/www.nja-racing.com\/en\/wp-json\/wp\/v2\/media?parent=872"}],"wp:term":[{"taxonomy":"product_brand","embeddable":true,"href":"https:\/\/www.nja-racing.com\/en\/wp-json\/wp\/v2\/product_brand?post=872"},{"taxonomy":"product_cat","embeddable":true,"href":"https:\/\/www.nja-racing.com\/en\/wp-json\/wp\/v2\/product_cat?post=872"},{"taxonomy":"product_tag","embeddable":true,"href":"https:\/\/www.nja-racing.com\/en\/wp-json\/wp\/v2\/product_tag?post=872"}],"curies":[{"name":"wp","href":"https:\/\/api.w.org\/{rel}","templated":true}]}}