{"id":800,"date":"2021-04-23T14:58:58","date_gmt":"2021-04-23T12:58:58","guid":{"rendered":"https:\/\/www.nja-racing.com\/en\/?post_type=product&#038;p=800"},"modified":"2021-12-19T23:27:29","modified_gmt":"2021-12-19T22:27:29","slug":"protection-talon-cote-gauche-r6-r1-r3-race","status":"publish","type":"product","link":"https:\/\/www.nja-racing.com\/en\/produit\/protection-talon-cote-gauche-r6-r1-r3-race\/","title":{"rendered":"Heel protection left side R6, R1, R3- Race"},"content":{"rendered":"<p>[vc_row][vc_column][vc_btn title=&#8221;Contact us ! &#8221; style=&#8221;custom&#8221; custom_background=&#8221;#003779&#8243; custom_text=&#8221;#ffffff&#8221; align=&#8221;center&#8221; link=&#8221;url:https%3A%2F%2Fwww.nja-racing.com\/en%2Fcontact%2F|title:Contact|target:%20_blank|&#8221;][\/vc_column][\/vc_row]<\/p>\n","protected":false},"excerpt":{"rendered":"<p>[vc_row][vc_column][vc_btn title=&#8221;Contact us ! &#8221; style=&#8221;custom&#8221; custom_background=&#8221;#003779&#8243; custom_text=&#8221;#ffffff&#8221; align=&#8221;center&#8221; link=&#8221;url:https%3A%2F%2Fwww.nja-racing.com\/en%2Fcontact%2F|title:Contact|target:%20_blank|&#8221;][\/vc_column][\/vc_row]<\/p>\n","protected":false},"featured_media":801,"comment_status":"closed","ping_status":"closed","template":"","meta":{"inline_featured_image":false},"product_brand":[],"product_cat":[20],"product_tag":[],"class_list":{"0":"post-800","1":"product","2":"type-product","3":"status-publish","4":"has-post-thumbnail","6":"product_cat-pieces-detachees","7":"tm-no-options","9":"first","10":"instock","11":"taxable","12":"shipping-taxable","13":"product-type-simple"},"bundle_layout":"","bundled_by":[],"bundled_items":[],"yoast_head":"<!-- This site is optimized with the Yoast SEO plugin v26.8 - https:\/\/yoast.com\/product\/yoast-seo-wordpress\/ -->\n<title>Prot\u00e8ge talon gauche pour moto Yamaha - Race<\/title>\n<meta name=\"description\" content=\"NJA RACING propose des prot\u00e8ges talons pour moto Yamaha, cot\u00e9 gauche. Cat\u00e9gorie RACE. Contactez-nous !\" \/>\n<meta name=\"robots\" content=\"index, follow, max-snippet:-1, max-image-preview:large, max-video-preview:-1\" \/>\n<link rel=\"canonical\" href=\"https:\/\/www.nja-racing.com\/en\/produit\/protection-talon-cote-gauche-r6-r1-r3-race\/\" \/>\n<meta property=\"og:locale\" content=\"en_GB\" \/>\n<meta property=\"og:type\" content=\"article\" \/>\n<meta property=\"og:title\" content=\"Prot\u00e8ge talon gauche pour moto Yamaha - Race\" \/>\n<meta property=\"og:description\" content=\"NJA RACING propose des prot\u00e8ges talons pour moto Yamaha, cot\u00e9 gauche. Cat\u00e9gorie RACE. Contactez-nous !\" \/>\n<meta property=\"og:url\" content=\"https:\/\/www.nja-racing.com\/en\/produit\/protection-talon-cote-gauche-r6-r1-r3-race\/\" \/>\n<meta property=\"og:site_name\" content=\"NJA Racing English\" \/>\n<meta property=\"article:modified_time\" content=\"2021-12-19T22:27:29+00:00\" \/>\n<meta property=\"og:image\" content=\"https:\/\/www.nja-racing.com\/en\/wp-content\/uploads\/sites\/2\/2021\/04\/protection-talon-moto-cote-gauche-r1-r6-r3-categorie-race.jpg\" \/>\n\t<meta property=\"og:image:width\" content=\"600\" \/>\n\t<meta property=\"og:image:height\" content=\"450\" \/>\n\t<meta property=\"og:image:type\" content=\"image\/jpeg\" \/>\n<meta name=\"twitter:card\" content=\"summary_large_image\" \/>\n<meta name=\"twitter:label1\" content=\"Estimated reading time\" \/>\n\t<meta name=\"twitter:data1\" content=\"1 minute\" \/>\n<script type=\"application\/ld+json\" class=\"yoast-schema-graph\">{\"@context\":\"https:\/\/schema.org\",\"@graph\":[{\"@type\":\"WebPage\",\"@id\":\"https:\/\/www.nja-racing.com\/en\/produit\/protection-talon-cote-gauche-r6-r1-r3-race\/\",\"url\":\"https:\/\/www.nja-racing.com\/en\/produit\/protection-talon-cote-gauche-r6-r1-r3-race\/\",\"name\":\"Prot\u00e8ge talon gauche pour moto Yamaha - Race\",\"isPartOf\":{\"@id\":\"https:\/\/www.nja-racing.com\/en\/#website\"},\"primaryImageOfPage\":{\"@id\":\"https:\/\/www.nja-racing.com\/en\/produit\/protection-talon-cote-gauche-r6-r1-r3-race\/#primaryimage\"},\"image\":{\"@id\":\"https:\/\/www.nja-racing.com\/en\/produit\/protection-talon-cote-gauche-r6-r1-r3-race\/#primaryimage\"},\"thumbnailUrl\":\"https:\/\/www.nja-racing.com\/en\/wp-content\/uploads\/sites\/2\/2021\/04\/protection-talon-moto-cote-gauche-r1-r6-r3-categorie-race.jpg\",\"datePublished\":\"2021-04-23T12:58:58+00:00\",\"dateModified\":\"2021-12-19T22:27:29+00:00\",\"description\":\"NJA RACING propose des prot\u00e8ges talons pour moto Yamaha, cot\u00e9 gauche. Cat\u00e9gorie RACE. Contactez-nous !\",\"breadcrumb\":{\"@id\":\"https:\/\/www.nja-racing.com\/en\/produit\/protection-talon-cote-gauche-r6-r1-r3-race\/#breadcrumb\"},\"inLanguage\":\"en-GB\",\"potentialAction\":[{\"@type\":\"ReadAction\",\"target\":[\"https:\/\/www.nja-racing.com\/en\/produit\/protection-talon-cote-gauche-r6-r1-r3-race\/\"]}]},{\"@type\":\"ImageObject\",\"inLanguage\":\"en-GB\",\"@id\":\"https:\/\/www.nja-racing.com\/en\/produit\/protection-talon-cote-gauche-r6-r1-r3-race\/#primaryimage\",\"url\":\"https:\/\/www.nja-racing.com\/en\/wp-content\/uploads\/sites\/2\/2021\/04\/protection-talon-moto-cote-gauche-r1-r6-r3-categorie-race.jpg\",\"contentUrl\":\"https:\/\/www.nja-racing.com\/en\/wp-content\/uploads\/sites\/2\/2021\/04\/protection-talon-moto-cote-gauche-r1-r6-r3-categorie-race.jpg\",\"width\":600,\"height\":450,\"caption\":\"protection talon moto cot\u00e9 gauche R1 R6 R3 cat\u00e9gorie race\"},{\"@type\":\"BreadcrumbList\",\"@id\":\"https:\/\/www.nja-racing.com\/en\/produit\/protection-talon-cote-gauche-r6-r1-r3-race\/#breadcrumb\",\"itemListElement\":[{\"@type\":\"ListItem\",\"position\":1,\"name\":\"Accueil\",\"item\":\"https:\/\/www.nja-racing.com\/en\/\"},{\"@type\":\"ListItem\",\"position\":2,\"name\":\"Shop\",\"item\":\"https:\/\/www.nja-racing.com\/en\/boutique\/\"},{\"@type\":\"ListItem\",\"position\":3,\"name\":\"Heel protection left side R6, R1, R3- Race\"}]},{\"@type\":\"WebSite\",\"@id\":\"https:\/\/www.nja-racing.com\/en\/#website\",\"url\":\"https:\/\/www.nja-racing.com\/en\/\",\"name\":\"NJA Racing English\",\"description\":\"Motocycle part manufacturer\",\"potentialAction\":[{\"@type\":\"SearchAction\",\"target\":{\"@type\":\"EntryPoint\",\"urlTemplate\":\"https:\/\/www.nja-racing.com\/en\/?s={search_term_string}\"},\"query-input\":{\"@type\":\"PropertyValueSpecification\",\"valueRequired\":true,\"valueName\":\"search_term_string\"}}],\"inLanguage\":\"en-GB\"}]}<\/script>\n<!-- \/ Yoast SEO plugin. -->","yoast_head_json":{"title":"Prot\u00e8ge talon gauche pour moto Yamaha - Race","description":"NJA RACING propose des prot\u00e8ges talons pour moto Yamaha, cot\u00e9 gauche. Cat\u00e9gorie RACE. Contactez-nous !","robots":{"index":"index","follow":"follow","max-snippet":"max-snippet:-1","max-image-preview":"max-image-preview:large","max-video-preview":"max-video-preview:-1"},"canonical":"https:\/\/www.nja-racing.com\/en\/produit\/protection-talon-cote-gauche-r6-r1-r3-race\/","og_locale":"en_GB","og_type":"article","og_title":"Prot\u00e8ge talon gauche pour moto Yamaha - Race","og_description":"NJA RACING propose des prot\u00e8ges talons pour moto Yamaha, cot\u00e9 gauche. Cat\u00e9gorie RACE. Contactez-nous !","og_url":"https:\/\/www.nja-racing.com\/en\/produit\/protection-talon-cote-gauche-r6-r1-r3-race\/","og_site_name":"NJA Racing English","article_modified_time":"2021-12-19T22:27:29+00:00","og_image":[{"width":600,"height":450,"url":"https:\/\/www.nja-racing.com\/en\/wp-content\/uploads\/sites\/2\/2021\/04\/protection-talon-moto-cote-gauche-r1-r6-r3-categorie-race.jpg","type":"image\/jpeg"}],"twitter_card":"summary_large_image","twitter_misc":{"Estimated reading time":"1 minute"},"schema":{"@context":"https:\/\/schema.org","@graph":[{"@type":"WebPage","@id":"https:\/\/www.nja-racing.com\/en\/produit\/protection-talon-cote-gauche-r6-r1-r3-race\/","url":"https:\/\/www.nja-racing.com\/en\/produit\/protection-talon-cote-gauche-r6-r1-r3-race\/","name":"Prot\u00e8ge talon gauche pour moto Yamaha - Race","isPartOf":{"@id":"https:\/\/www.nja-racing.com\/en\/#website"},"primaryImageOfPage":{"@id":"https:\/\/www.nja-racing.com\/en\/produit\/protection-talon-cote-gauche-r6-r1-r3-race\/#primaryimage"},"image":{"@id":"https:\/\/www.nja-racing.com\/en\/produit\/protection-talon-cote-gauche-r6-r1-r3-race\/#primaryimage"},"thumbnailUrl":"https:\/\/www.nja-racing.com\/en\/wp-content\/uploads\/sites\/2\/2021\/04\/protection-talon-moto-cote-gauche-r1-r6-r3-categorie-race.jpg","datePublished":"2021-04-23T12:58:58+00:00","dateModified":"2021-12-19T22:27:29+00:00","description":"NJA RACING propose des prot\u00e8ges talons pour moto Yamaha, cot\u00e9 gauche. Cat\u00e9gorie RACE. Contactez-nous !","breadcrumb":{"@id":"https:\/\/www.nja-racing.com\/en\/produit\/protection-talon-cote-gauche-r6-r1-r3-race\/#breadcrumb"},"inLanguage":"en-GB","potentialAction":[{"@type":"ReadAction","target":["https:\/\/www.nja-racing.com\/en\/produit\/protection-talon-cote-gauche-r6-r1-r3-race\/"]}]},{"@type":"ImageObject","inLanguage":"en-GB","@id":"https:\/\/www.nja-racing.com\/en\/produit\/protection-talon-cote-gauche-r6-r1-r3-race\/#primaryimage","url":"https:\/\/www.nja-racing.com\/en\/wp-content\/uploads\/sites\/2\/2021\/04\/protection-talon-moto-cote-gauche-r1-r6-r3-categorie-race.jpg","contentUrl":"https:\/\/www.nja-racing.com\/en\/wp-content\/uploads\/sites\/2\/2021\/04\/protection-talon-moto-cote-gauche-r1-r6-r3-categorie-race.jpg","width":600,"height":450,"caption":"protection talon moto cot\u00e9 gauche R1 R6 R3 cat\u00e9gorie race"},{"@type":"BreadcrumbList","@id":"https:\/\/www.nja-racing.com\/en\/produit\/protection-talon-cote-gauche-r6-r1-r3-race\/#breadcrumb","itemListElement":[{"@type":"ListItem","position":1,"name":"Accueil","item":"https:\/\/www.nja-racing.com\/en\/"},{"@type":"ListItem","position":2,"name":"Shop","item":"https:\/\/www.nja-racing.com\/en\/boutique\/"},{"@type":"ListItem","position":3,"name":"Heel protection left side R6, R1, R3- Race"}]},{"@type":"WebSite","@id":"https:\/\/www.nja-racing.com\/en\/#website","url":"https:\/\/www.nja-racing.com\/en\/","name":"NJA Racing English","description":"Motocycle part manufacturer","potentialAction":[{"@type":"SearchAction","target":{"@type":"EntryPoint","urlTemplate":"https:\/\/www.nja-racing.com\/en\/?s={search_term_string}"},"query-input":{"@type":"PropertyValueSpecification","valueRequired":true,"valueName":"search_term_string"}}],"inLanguage":"en-GB"}]}},"_links":{"self":[{"href":"https:\/\/www.nja-racing.com\/en\/wp-json\/wp\/v2\/product\/800","targetHints":{"allow":["GET"]}}],"collection":[{"href":"https:\/\/www.nja-racing.com\/en\/wp-json\/wp\/v2\/product"}],"about":[{"href":"https:\/\/www.nja-racing.com\/en\/wp-json\/wp\/v2\/types\/product"}],"replies":[{"embeddable":true,"href":"https:\/\/www.nja-racing.com\/en\/wp-json\/wp\/v2\/comments?post=800"}],"wp:featuredmedia":[{"embeddable":true,"href":"https:\/\/www.nja-racing.com\/en\/wp-json\/wp\/v2\/media\/801"}],"wp:attachment":[{"href":"https:\/\/www.nja-racing.com\/en\/wp-json\/wp\/v2\/media?parent=800"}],"wp:term":[{"taxonomy":"product_brand","embeddable":true,"href":"https:\/\/www.nja-racing.com\/en\/wp-json\/wp\/v2\/product_brand?post=800"},{"taxonomy":"product_cat","embeddable":true,"href":"https:\/\/www.nja-racing.com\/en\/wp-json\/wp\/v2\/product_cat?post=800"},{"taxonomy":"product_tag","embeddable":true,"href":"https:\/\/www.nja-racing.com\/en\/wp-json\/wp\/v2\/product_tag?post=800"}],"curies":[{"name":"wp","href":"https:\/\/api.w.org\/{rel}","templated":true}]}}