{"id":166,"date":"2020-01-28T09:05:40","date_gmt":"2020-01-28T08:05:40","guid":{"rendered":"https:\/\/www.nja-racing.fr\/?post_type=product&#038;p=166"},"modified":"2022-04-28T12:03:15","modified_gmt":"2022-04-28T10:03:15","slug":"vanne-ewc","status":"publish","type":"product","link":"https:\/\/www.nja-racing.com\/en\/produit\/vanne-ewc\/","title":{"rendered":"Reservoir cap EWC"},"content":{"rendered":"<p>[vc_row][vc_column][vc_column_text]Designed for endurance machines, our EWC reservoir cap are equipped with a safety system that conforms to FIM specifications, which prevents fuel from leaking through the cap in case of a fall. Our cap are suitable for 2 inch male fittings. In order to optimise filling time, we recommend a pair use, one cap used to transmit the fluid into the reservoir, and the other to evacuate the air contained in the latter.<\/p>\n<p>Our teams have developed, with our partner NJA INDUSTRIE, which benefits from a know-how of more than 50 years in precision machining, a reliable and secure product, with a rough machining aspect of the &#8220;Factory&#8221; type, with irreproachable adjustments, in the spirit of the NJA RACING brand.<\/p>\n<p>This product is conceived and realized entirely in France. A user&#8217;s manual is provided with each product.[\/vc_column_text][\/vc_column][\/vc_row]<\/p>\n","protected":false},"excerpt":{"rendered":"<p>[vc_row][vc_column][vc_column_text]Designed for endurance machines, our EWC reservoir cap are equipped with a safety system that conforms to FIM specifications, which prevents fuel from leaking through the<span class=\"excerpt-hellip\"> [\u2026]<\/span><\/p>\n","protected":false},"featured_media":636,"comment_status":"open","ping_status":"closed","template":"","meta":{"inline_featured_image":false},"product_brand":[],"product_cat":[19],"product_tag":[],"class_list":{"0":"post-166","1":"product","2":"type-product","3":"status-publish","4":"has-post-thumbnail","6":"product_cat-vanne-ewc","7":"tm-no-options","9":"first","10":"instock","11":"taxable","12":"shipping-taxable","13":"purchasable","14":"product-type-simple"},"bundle_layout":"","bundled_by":[],"bundled_items":[],"yoast_head":"<!-- This site is optimized with the Yoast SEO plugin v26.8 - https:\/\/yoast.com\/product\/yoast-seo-wordpress\/ -->\n<title>Fabricant vanne de r\u00e9servoir EWC<\/title>\n<meta name=\"description\" content=\"NJA Racing fabrique des vannes EWC destin\u00e9s aux machines d&#039;endurance. Les vannes EWC sont dot\u00e9es d&#039;un syst\u00e8me de s\u00e9curit\u00e9. Contactez-nous !\" \/>\n<meta name=\"robots\" content=\"index, follow, max-snippet:-1, max-image-preview:large, max-video-preview:-1\" \/>\n<link rel=\"canonical\" href=\"https:\/\/www.nja-racing.com\/en\/produit\/vanne-ewc\/\" \/>\n<meta property=\"og:locale\" content=\"en_GB\" \/>\n<meta property=\"og:type\" content=\"article\" \/>\n<meta property=\"og:title\" content=\"Fabricant vanne de r\u00e9servoir EWC\" \/>\n<meta property=\"og:description\" content=\"NJA Racing fabrique des vannes EWC destin\u00e9s aux machines d&#039;endurance. Les vannes EWC sont dot\u00e9es d&#039;un syst\u00e8me de s\u00e9curit\u00e9. Contactez-nous !\" \/>\n<meta property=\"og:url\" content=\"https:\/\/www.nja-racing.com\/en\/produit\/vanne-ewc\/\" \/>\n<meta property=\"og:site_name\" content=\"NJA Racing English\" \/>\n<meta property=\"article:modified_time\" content=\"2022-04-28T10:03:15+00:00\" \/>\n<meta property=\"og:image\" content=\"https:\/\/www.nja-racing.com\/en\/wp-content\/uploads\/sites\/2\/2020\/01\/vanne-reservoir-ewc-pour-moto-1.jpg\" \/>\n\t<meta property=\"og:image:width\" content=\"600\" \/>\n\t<meta property=\"og:image:height\" content=\"623\" \/>\n\t<meta property=\"og:image:type\" content=\"image\/jpeg\" \/>\n<meta name=\"twitter:card\" content=\"summary_large_image\" \/>\n<meta name=\"twitter:label1\" content=\"Estimated reading time\" \/>\n\t<meta name=\"twitter:data1\" content=\"1 minute\" \/>\n<script type=\"application\/ld+json\" class=\"yoast-schema-graph\">{\"@context\":\"https:\/\/schema.org\",\"@graph\":[{\"@type\":\"WebPage\",\"@id\":\"https:\/\/www.nja-racing.com\/en\/produit\/vanne-ewc\/\",\"url\":\"https:\/\/www.nja-racing.com\/en\/produit\/vanne-ewc\/\",\"name\":\"Fabricant vanne de r\u00e9servoir EWC\",\"isPartOf\":{\"@id\":\"https:\/\/www.nja-racing.com\/en\/#website\"},\"primaryImageOfPage\":{\"@id\":\"https:\/\/www.nja-racing.com\/en\/produit\/vanne-ewc\/#primaryimage\"},\"image\":{\"@id\":\"https:\/\/www.nja-racing.com\/en\/produit\/vanne-ewc\/#primaryimage\"},\"thumbnailUrl\":\"https:\/\/www.nja-racing.com\/en\/wp-content\/uploads\/sites\/2\/2020\/01\/vanne-reservoir-ewc-pour-moto-1.jpg\",\"datePublished\":\"2020-01-28T08:05:40+00:00\",\"dateModified\":\"2022-04-28T10:03:15+00:00\",\"description\":\"NJA Racing fabrique des vannes EWC destin\u00e9s aux machines d'endurance. Les vannes EWC sont dot\u00e9es d'un syst\u00e8me de s\u00e9curit\u00e9. Contactez-nous !\",\"breadcrumb\":{\"@id\":\"https:\/\/www.nja-racing.com\/en\/produit\/vanne-ewc\/#breadcrumb\"},\"inLanguage\":\"en-GB\",\"potentialAction\":[{\"@type\":\"ReadAction\",\"target\":[\"https:\/\/www.nja-racing.com\/en\/produit\/vanne-ewc\/\"]}]},{\"@type\":\"ImageObject\",\"inLanguage\":\"en-GB\",\"@id\":\"https:\/\/www.nja-racing.com\/en\/produit\/vanne-ewc\/#primaryimage\",\"url\":\"https:\/\/www.nja-racing.com\/en\/wp-content\/uploads\/sites\/2\/2020\/01\/vanne-reservoir-ewc-pour-moto-1.jpg\",\"contentUrl\":\"https:\/\/www.nja-racing.com\/en\/wp-content\/uploads\/sites\/2\/2020\/01\/vanne-reservoir-ewc-pour-moto-1.jpg\",\"width\":600,\"height\":623,\"caption\":\"vanne r\u00e9servoir EWC pour moto\"},{\"@type\":\"BreadcrumbList\",\"@id\":\"https:\/\/www.nja-racing.com\/en\/produit\/vanne-ewc\/#breadcrumb\",\"itemListElement\":[{\"@type\":\"ListItem\",\"position\":1,\"name\":\"Accueil\",\"item\":\"https:\/\/www.nja-racing.com\/en\/\"},{\"@type\":\"ListItem\",\"position\":2,\"name\":\"Shop\",\"item\":\"https:\/\/www.nja-racing.com\/en\/boutique\/\"},{\"@type\":\"ListItem\",\"position\":3,\"name\":\"Reservoir cap EWC\"}]},{\"@type\":\"WebSite\",\"@id\":\"https:\/\/www.nja-racing.com\/en\/#website\",\"url\":\"https:\/\/www.nja-racing.com\/en\/\",\"name\":\"NJA Racing English\",\"description\":\"Motocycle part manufacturer\",\"potentialAction\":[{\"@type\":\"SearchAction\",\"target\":{\"@type\":\"EntryPoint\",\"urlTemplate\":\"https:\/\/www.nja-racing.com\/en\/?s={search_term_string}\"},\"query-input\":{\"@type\":\"PropertyValueSpecification\",\"valueRequired\":true,\"valueName\":\"search_term_string\"}}],\"inLanguage\":\"en-GB\"}]}<\/script>\n<!-- \/ Yoast SEO plugin. -->","yoast_head_json":{"title":"Fabricant vanne de r\u00e9servoir EWC","description":"NJA Racing fabrique des vannes EWC destin\u00e9s aux machines d'endurance. Les vannes EWC sont dot\u00e9es d'un syst\u00e8me de s\u00e9curit\u00e9. Contactez-nous !","robots":{"index":"index","follow":"follow","max-snippet":"max-snippet:-1","max-image-preview":"max-image-preview:large","max-video-preview":"max-video-preview:-1"},"canonical":"https:\/\/www.nja-racing.com\/en\/produit\/vanne-ewc\/","og_locale":"en_GB","og_type":"article","og_title":"Fabricant vanne de r\u00e9servoir EWC","og_description":"NJA Racing fabrique des vannes EWC destin\u00e9s aux machines d'endurance. Les vannes EWC sont dot\u00e9es d'un syst\u00e8me de s\u00e9curit\u00e9. Contactez-nous !","og_url":"https:\/\/www.nja-racing.com\/en\/produit\/vanne-ewc\/","og_site_name":"NJA Racing English","article_modified_time":"2022-04-28T10:03:15+00:00","og_image":[{"width":600,"height":623,"url":"https:\/\/www.nja-racing.com\/en\/wp-content\/uploads\/sites\/2\/2020\/01\/vanne-reservoir-ewc-pour-moto-1.jpg","type":"image\/jpeg"}],"twitter_card":"summary_large_image","twitter_misc":{"Estimated reading time":"1 minute"},"schema":{"@context":"https:\/\/schema.org","@graph":[{"@type":"WebPage","@id":"https:\/\/www.nja-racing.com\/en\/produit\/vanne-ewc\/","url":"https:\/\/www.nja-racing.com\/en\/produit\/vanne-ewc\/","name":"Fabricant vanne de r\u00e9servoir EWC","isPartOf":{"@id":"https:\/\/www.nja-racing.com\/en\/#website"},"primaryImageOfPage":{"@id":"https:\/\/www.nja-racing.com\/en\/produit\/vanne-ewc\/#primaryimage"},"image":{"@id":"https:\/\/www.nja-racing.com\/en\/produit\/vanne-ewc\/#primaryimage"},"thumbnailUrl":"https:\/\/www.nja-racing.com\/en\/wp-content\/uploads\/sites\/2\/2020\/01\/vanne-reservoir-ewc-pour-moto-1.jpg","datePublished":"2020-01-28T08:05:40+00:00","dateModified":"2022-04-28T10:03:15+00:00","description":"NJA Racing fabrique des vannes EWC destin\u00e9s aux machines d'endurance. Les vannes EWC sont dot\u00e9es d'un syst\u00e8me de s\u00e9curit\u00e9. Contactez-nous !","breadcrumb":{"@id":"https:\/\/www.nja-racing.com\/en\/produit\/vanne-ewc\/#breadcrumb"},"inLanguage":"en-GB","potentialAction":[{"@type":"ReadAction","target":["https:\/\/www.nja-racing.com\/en\/produit\/vanne-ewc\/"]}]},{"@type":"ImageObject","inLanguage":"en-GB","@id":"https:\/\/www.nja-racing.com\/en\/produit\/vanne-ewc\/#primaryimage","url":"https:\/\/www.nja-racing.com\/en\/wp-content\/uploads\/sites\/2\/2020\/01\/vanne-reservoir-ewc-pour-moto-1.jpg","contentUrl":"https:\/\/www.nja-racing.com\/en\/wp-content\/uploads\/sites\/2\/2020\/01\/vanne-reservoir-ewc-pour-moto-1.jpg","width":600,"height":623,"caption":"vanne r\u00e9servoir EWC pour moto"},{"@type":"BreadcrumbList","@id":"https:\/\/www.nja-racing.com\/en\/produit\/vanne-ewc\/#breadcrumb","itemListElement":[{"@type":"ListItem","position":1,"name":"Accueil","item":"https:\/\/www.nja-racing.com\/en\/"},{"@type":"ListItem","position":2,"name":"Shop","item":"https:\/\/www.nja-racing.com\/en\/boutique\/"},{"@type":"ListItem","position":3,"name":"Reservoir cap EWC"}]},{"@type":"WebSite","@id":"https:\/\/www.nja-racing.com\/en\/#website","url":"https:\/\/www.nja-racing.com\/en\/","name":"NJA Racing English","description":"Motocycle part manufacturer","potentialAction":[{"@type":"SearchAction","target":{"@type":"EntryPoint","urlTemplate":"https:\/\/www.nja-racing.com\/en\/?s={search_term_string}"},"query-input":{"@type":"PropertyValueSpecification","valueRequired":true,"valueName":"search_term_string"}}],"inLanguage":"en-GB"}]}},"_links":{"self":[{"href":"https:\/\/www.nja-racing.com\/en\/wp-json\/wp\/v2\/product\/166","targetHints":{"allow":["GET"]}}],"collection":[{"href":"https:\/\/www.nja-racing.com\/en\/wp-json\/wp\/v2\/product"}],"about":[{"href":"https:\/\/www.nja-racing.com\/en\/wp-json\/wp\/v2\/types\/product"}],"replies":[{"embeddable":true,"href":"https:\/\/www.nja-racing.com\/en\/wp-json\/wp\/v2\/comments?post=166"}],"wp:featuredmedia":[{"embeddable":true,"href":"https:\/\/www.nja-racing.com\/en\/wp-json\/wp\/v2\/media\/636"}],"wp:attachment":[{"href":"https:\/\/www.nja-racing.com\/en\/wp-json\/wp\/v2\/media?parent=166"}],"wp:term":[{"taxonomy":"product_brand","embeddable":true,"href":"https:\/\/www.nja-racing.com\/en\/wp-json\/wp\/v2\/product_brand?post=166"},{"taxonomy":"product_cat","embeddable":true,"href":"https:\/\/www.nja-racing.com\/en\/wp-json\/wp\/v2\/product_cat?post=166"},{"taxonomy":"product_tag","embeddable":true,"href":"https:\/\/www.nja-racing.com\/en\/wp-json\/wp\/v2\/product_tag?post=166"}],"curies":[{"name":"wp","href":"https:\/\/api.w.org\/{rel}","templated":true}]}}