{"id":1062,"date":"2021-08-02T11:32:43","date_gmt":"2021-08-02T09:32:43","guid":{"rendered":"https:\/\/www.nja-racing.com\/en\/?post_type=product&#038;p=1062"},"modified":"2022-01-28T09:40:18","modified_gmt":"2022-01-28T08:40:18","slug":"pack-yamaha-r3-race","status":"publish","type":"product","link":"https:\/\/www.nja-racing.com\/en\/produit\/pack-yamaha-r3-race\/","title":{"rendered":"Pack Yamaha R3 RACE"},"content":{"rendered":"<p>[vc_row][vc_column][vc_column_text]The <strong>Yamaha R3 RACE package<\/strong> contains all the equipment needed to use your <strong>Yamaha R3 on the racetrack,<\/strong> while still being approved for road use.<\/p>\n<p>The latter consists of the following elements:<\/p>\n<ul>\n<li><a href=\"https:\/\/www.nja-racing.com\/en\/produit\/commande-reculee-yamaha-r3-depuis-2015-race-selection-inversee-normale\/\" target=\"_blank\" rel=\"noopener noreferrer\">Commande recul\u00e9e Yamaha R3 depuis 2015 RACE &#8211; S\u00e9lection invers\u00e9e\/normale<\/a>\n<ul>\n<li>With 1 Selection rod: 220mm<\/li>\n<li>assembling brake jar bracket R3<\/li>\n<\/ul>\n<\/li>\n<li><a href=\"https:\/\/www.nja-racing.com\/en\/produit\/kit-paire-entretoises-de-roue-avant-imperdables-pour-yamaha-r6\/\" target=\"_blank\" rel=\"noopener noreferrer\">Kit paire entretoises de roue avant imperdables anodis\u00e9es noir pour Yamaha R6<\/a><\/li>\n<li><a href=\"https:\/\/www.nja-racing.com\/en\/produit\/kit-paire-entretoise-de-roue-arriere-imperdables-anodisees-noires-pour-yamaha-r6\/\" target=\"_blank\" rel=\"noopener noreferrer\">Kit paire entretoises de roue arri\u00e8re imperdables anodis\u00e9es noir pour Yamaha R6<\/a><\/li>\n<li><a href=\"https:\/\/www.nja-racing.com\/en\/produit\/bouchon-de-reservoir-visse-pour-yamaha-r6-r3-et-r1\/\" target=\"_blank\" rel=\"noopener noreferrer\">Bouchon de r\u00e9servoir viss\u00e9 pour Yamaha R6, R3 et R1<\/a><\/li>\n<li><a href=\"https:\/\/www.nja-racing.com\/en\/produit\/diabolos-performance-support-de-bequille-m6-la-paire\/\" target=\"_blank\" rel=\"noopener noreferrer\">Diabolos PERFORMANCE support de b\u00e9quille M6<\/a><\/li>\n<li><a href=\"https:\/\/www.nja-racing.com\/en\/produit\/tubes-de-guidon-alu-6060-o22x2-5-longueurs-240mm-embouts-plastiques\/\" target=\"_blank\" rel=\"noopener noreferrer\">Tubes de Guidon ALU 6060 \u00d822&#215;2.5 longueurs 240mm + embouts plastiques<\/a><\/li>\n<li><a href=\"https:\/\/www.nja-racing.com\/en\/produit\/bracelet-guidon-r3\/\" target=\"_blank\" rel=\"noopener noreferrer\">Guidons Bracelet R3<\/a><\/li>\n<\/ul>\n<p>[\/vc_column_text][\/vc_column][\/vc_row]<\/p>\n","protected":false},"excerpt":{"rendered":"<p>[vc_row][vc_column][vc_column_text]The Yamaha R3 RACE package contains all the equipment needed to use your Yamaha R3 on the racetrack, while still being approved for road use. The<span class=\"excerpt-hellip\"> [\u2026]<\/span><\/p>\n","protected":false},"featured_media":1354,"comment_status":"closed","ping_status":"closed","template":"","meta":{"inline_featured_image":false},"product_brand":[],"product_cat":[26],"product_tag":[],"class_list":{"0":"post-1062","1":"product","2":"type-product","3":"status-publish","4":"has-post-thumbnail","6":"product_cat-modeles-moto","7":"tm-no-options","9":"first","10":"instock","11":"taxable","12":"shipping-taxable","13":"purchasable","14":"product-type-simple"},"bundle_layout":"","bundled_by":[],"bundled_items":[],"yoast_head":"<!-- This site is optimized with the Yoast SEO plugin v26.8 - https:\/\/yoast.com\/product\/yoast-seo-wordpress\/ -->\n<title>Yamaha R3 RACE motorbike pack, remote control, fuel cap<\/title>\n<meta name=\"description\" content=\"NJA RACING, proposes packs of part for motor bike Yamaha R3 RACE with backward control, cap of tank, kit pair of spacer. Contact us!\" \/>\n<meta name=\"robots\" content=\"index, follow, max-snippet:-1, max-image-preview:large, max-video-preview:-1\" \/>\n<link rel=\"canonical\" href=\"https:\/\/www.nja-racing.com\/en\/produit\/pack-yamaha-r3-race\/\" \/>\n<meta property=\"og:locale\" content=\"en_GB\" \/>\n<meta property=\"og:type\" content=\"article\" \/>\n<meta property=\"og:title\" content=\"Yamaha R3 RACE motorbike pack, remote control, fuel cap\" \/>\n<meta property=\"og:description\" content=\"NJA RACING, proposes packs of part for motor bike Yamaha R3 RACE with backward control, cap of tank, kit pair of spacer. Contact us!\" \/>\n<meta property=\"og:url\" content=\"https:\/\/www.nja-racing.com\/en\/produit\/pack-yamaha-r3-race\/\" \/>\n<meta property=\"og:site_name\" content=\"NJA Racing English\" \/>\n<meta property=\"article:modified_time\" content=\"2022-01-28T08:40:18+00:00\" \/>\n<meta property=\"og:image\" content=\"https:\/\/www.nja-racing.com\/en\/wp-content\/uploads\/sites\/2\/2021\/08\/motorbike-parts-pack-yamaha-r3-race.jpg\" \/>\n\t<meta property=\"og:image:width\" content=\"600\" \/>\n\t<meta property=\"og:image:height\" content=\"450\" \/>\n\t<meta property=\"og:image:type\" content=\"image\/jpeg\" \/>\n<meta name=\"twitter:card\" content=\"summary_large_image\" \/>\n<meta name=\"twitter:label1\" content=\"Estimated reading time\" \/>\n\t<meta name=\"twitter:data1\" content=\"1 minute\" \/>\n<script type=\"application\/ld+json\" class=\"yoast-schema-graph\">{\"@context\":\"https:\/\/schema.org\",\"@graph\":[{\"@type\":\"WebPage\",\"@id\":\"https:\/\/www.nja-racing.com\/en\/produit\/pack-yamaha-r3-race\/\",\"url\":\"https:\/\/www.nja-racing.com\/en\/produit\/pack-yamaha-r3-race\/\",\"name\":\"Yamaha R3 RACE motorbike pack, remote control, fuel cap\",\"isPartOf\":{\"@id\":\"https:\/\/www.nja-racing.com\/en\/#website\"},\"primaryImageOfPage\":{\"@id\":\"https:\/\/www.nja-racing.com\/en\/produit\/pack-yamaha-r3-race\/#primaryimage\"},\"image\":{\"@id\":\"https:\/\/www.nja-racing.com\/en\/produit\/pack-yamaha-r3-race\/#primaryimage\"},\"thumbnailUrl\":\"https:\/\/www.nja-racing.com\/en\/wp-content\/uploads\/sites\/2\/2021\/08\/motorbike-parts-pack-yamaha-r3-race.jpg\",\"datePublished\":\"2021-08-02T09:32:43+00:00\",\"dateModified\":\"2022-01-28T08:40:18+00:00\",\"description\":\"NJA RACING, proposes packs of part for motor bike Yamaha R3 RACE with backward control, cap of tank, kit pair of spacer. Contact us!\",\"breadcrumb\":{\"@id\":\"https:\/\/www.nja-racing.com\/en\/produit\/pack-yamaha-r3-race\/#breadcrumb\"},\"inLanguage\":\"en-GB\",\"potentialAction\":[{\"@type\":\"ReadAction\",\"target\":[\"https:\/\/www.nja-racing.com\/en\/produit\/pack-yamaha-r3-race\/\"]}]},{\"@type\":\"ImageObject\",\"inLanguage\":\"en-GB\",\"@id\":\"https:\/\/www.nja-racing.com\/en\/produit\/pack-yamaha-r3-race\/#primaryimage\",\"url\":\"https:\/\/www.nja-racing.com\/en\/wp-content\/uploads\/sites\/2\/2021\/08\/motorbike-parts-pack-yamaha-r3-race.jpg\",\"contentUrl\":\"https:\/\/www.nja-racing.com\/en\/wp-content\/uploads\/sites\/2\/2021\/08\/motorbike-parts-pack-yamaha-r3-race.jpg\",\"width\":600,\"height\":450,\"caption\":\"Motorbike parts pack Yamaha R3 race\"},{\"@type\":\"BreadcrumbList\",\"@id\":\"https:\/\/www.nja-racing.com\/en\/produit\/pack-yamaha-r3-race\/#breadcrumb\",\"itemListElement\":[{\"@type\":\"ListItem\",\"position\":1,\"name\":\"Accueil\",\"item\":\"https:\/\/www.nja-racing.com\/en\/\"},{\"@type\":\"ListItem\",\"position\":2,\"name\":\"Shop\",\"item\":\"https:\/\/www.nja-racing.com\/en\/boutique\/\"},{\"@type\":\"ListItem\",\"position\":3,\"name\":\"Pack Yamaha R3 RACE\"}]},{\"@type\":\"WebSite\",\"@id\":\"https:\/\/www.nja-racing.com\/en\/#website\",\"url\":\"https:\/\/www.nja-racing.com\/en\/\",\"name\":\"NJA Racing English\",\"description\":\"Motocycle part manufacturer\",\"potentialAction\":[{\"@type\":\"SearchAction\",\"target\":{\"@type\":\"EntryPoint\",\"urlTemplate\":\"https:\/\/www.nja-racing.com\/en\/?s={search_term_string}\"},\"query-input\":{\"@type\":\"PropertyValueSpecification\",\"valueRequired\":true,\"valueName\":\"search_term_string\"}}],\"inLanguage\":\"en-GB\"}]}<\/script>\n<!-- \/ Yoast SEO plugin. -->","yoast_head_json":{"title":"Yamaha R3 RACE motorbike pack, remote control, fuel cap","description":"NJA RACING, proposes packs of part for motor bike Yamaha R3 RACE with backward control, cap of tank, kit pair of spacer. Contact us!","robots":{"index":"index","follow":"follow","max-snippet":"max-snippet:-1","max-image-preview":"max-image-preview:large","max-video-preview":"max-video-preview:-1"},"canonical":"https:\/\/www.nja-racing.com\/en\/produit\/pack-yamaha-r3-race\/","og_locale":"en_GB","og_type":"article","og_title":"Yamaha R3 RACE motorbike pack, remote control, fuel cap","og_description":"NJA RACING, proposes packs of part for motor bike Yamaha R3 RACE with backward control, cap of tank, kit pair of spacer. Contact us!","og_url":"https:\/\/www.nja-racing.com\/en\/produit\/pack-yamaha-r3-race\/","og_site_name":"NJA Racing English","article_modified_time":"2022-01-28T08:40:18+00:00","og_image":[{"width":600,"height":450,"url":"https:\/\/www.nja-racing.com\/en\/wp-content\/uploads\/sites\/2\/2021\/08\/motorbike-parts-pack-yamaha-r3-race.jpg","type":"image\/jpeg"}],"twitter_card":"summary_large_image","twitter_misc":{"Estimated reading time":"1 minute"},"schema":{"@context":"https:\/\/schema.org","@graph":[{"@type":"WebPage","@id":"https:\/\/www.nja-racing.com\/en\/produit\/pack-yamaha-r3-race\/","url":"https:\/\/www.nja-racing.com\/en\/produit\/pack-yamaha-r3-race\/","name":"Yamaha R3 RACE motorbike pack, remote control, fuel cap","isPartOf":{"@id":"https:\/\/www.nja-racing.com\/en\/#website"},"primaryImageOfPage":{"@id":"https:\/\/www.nja-racing.com\/en\/produit\/pack-yamaha-r3-race\/#primaryimage"},"image":{"@id":"https:\/\/www.nja-racing.com\/en\/produit\/pack-yamaha-r3-race\/#primaryimage"},"thumbnailUrl":"https:\/\/www.nja-racing.com\/en\/wp-content\/uploads\/sites\/2\/2021\/08\/motorbike-parts-pack-yamaha-r3-race.jpg","datePublished":"2021-08-02T09:32:43+00:00","dateModified":"2022-01-28T08:40:18+00:00","description":"NJA RACING, proposes packs of part for motor bike Yamaha R3 RACE with backward control, cap of tank, kit pair of spacer. Contact us!","breadcrumb":{"@id":"https:\/\/www.nja-racing.com\/en\/produit\/pack-yamaha-r3-race\/#breadcrumb"},"inLanguage":"en-GB","potentialAction":[{"@type":"ReadAction","target":["https:\/\/www.nja-racing.com\/en\/produit\/pack-yamaha-r3-race\/"]}]},{"@type":"ImageObject","inLanguage":"en-GB","@id":"https:\/\/www.nja-racing.com\/en\/produit\/pack-yamaha-r3-race\/#primaryimage","url":"https:\/\/www.nja-racing.com\/en\/wp-content\/uploads\/sites\/2\/2021\/08\/motorbike-parts-pack-yamaha-r3-race.jpg","contentUrl":"https:\/\/www.nja-racing.com\/en\/wp-content\/uploads\/sites\/2\/2021\/08\/motorbike-parts-pack-yamaha-r3-race.jpg","width":600,"height":450,"caption":"Motorbike parts pack Yamaha R3 race"},{"@type":"BreadcrumbList","@id":"https:\/\/www.nja-racing.com\/en\/produit\/pack-yamaha-r3-race\/#breadcrumb","itemListElement":[{"@type":"ListItem","position":1,"name":"Accueil","item":"https:\/\/www.nja-racing.com\/en\/"},{"@type":"ListItem","position":2,"name":"Shop","item":"https:\/\/www.nja-racing.com\/en\/boutique\/"},{"@type":"ListItem","position":3,"name":"Pack Yamaha R3 RACE"}]},{"@type":"WebSite","@id":"https:\/\/www.nja-racing.com\/en\/#website","url":"https:\/\/www.nja-racing.com\/en\/","name":"NJA Racing English","description":"Motocycle part manufacturer","potentialAction":[{"@type":"SearchAction","target":{"@type":"EntryPoint","urlTemplate":"https:\/\/www.nja-racing.com\/en\/?s={search_term_string}"},"query-input":{"@type":"PropertyValueSpecification","valueRequired":true,"valueName":"search_term_string"}}],"inLanguage":"en-GB"}]}},"_links":{"self":[{"href":"https:\/\/www.nja-racing.com\/en\/wp-json\/wp\/v2\/product\/1062","targetHints":{"allow":["GET"]}}],"collection":[{"href":"https:\/\/www.nja-racing.com\/en\/wp-json\/wp\/v2\/product"}],"about":[{"href":"https:\/\/www.nja-racing.com\/en\/wp-json\/wp\/v2\/types\/product"}],"replies":[{"embeddable":true,"href":"https:\/\/www.nja-racing.com\/en\/wp-json\/wp\/v2\/comments?post=1062"}],"wp:featuredmedia":[{"embeddable":true,"href":"https:\/\/www.nja-racing.com\/en\/wp-json\/wp\/v2\/media\/1354"}],"wp:attachment":[{"href":"https:\/\/www.nja-racing.com\/en\/wp-json\/wp\/v2\/media?parent=1062"}],"wp:term":[{"taxonomy":"product_brand","embeddable":true,"href":"https:\/\/www.nja-racing.com\/en\/wp-json\/wp\/v2\/product_brand?post=1062"},{"taxonomy":"product_cat","embeddable":true,"href":"https:\/\/www.nja-racing.com\/en\/wp-json\/wp\/v2\/product_cat?post=1062"},{"taxonomy":"product_tag","embeddable":true,"href":"https:\/\/www.nja-racing.com\/en\/wp-json\/wp\/v2\/product_tag?post=1062"}],"curies":[{"name":"wp","href":"https:\/\/api.w.org\/{rel}","templated":true}]}}