{"id":1060,"date":"2021-08-02T11:20:15","date_gmt":"2021-08-02T09:20:15","guid":{"rendered":"https:\/\/www.nja-racing.com\/en\/?post_type=product&#038;p=1060"},"modified":"2021-12-17T04:17:00","modified_gmt":"2021-12-17T03:17:00","slug":"pack-yamaha-r6-depuis-2017-race","status":"publish","type":"product","link":"https:\/\/www.nja-racing.com\/en\/produit\/pack-yamaha-r6-depuis-2017-race\/","title":{"rendered":"Pack Yamaha R6 Since 2017 Race"},"content":{"rendered":"<p>[vc_row][vc_column][vc_column_text]The<strong> Yamaha R6 SINCE 2017 RACE pack<\/strong> consists of all the equipment to use your Y<strong>amaha R6 on the racetrack<\/strong>, while remaining approved for road use.<\/p>\n<p>This consists of the following items:<\/p>\n<ul>\n<li><a href=\"https:\/\/www.nja-racing.com\/en\/produit\/commande-reculee-yamaha-r6-depuis-2017-race-avec-utilisation-de-la-bequille-laterale-selection-inversee-circuit-uniquement\/\" target=\"_blank\" rel=\"noopener noreferrer\">Commande recul\u00e9e Yamaha R6 depuis 2017 RACE, avec utilisation de la b\u00e9quille lat\u00e9rale &#8211; S\u00e9lection invers\u00e9e &#8211; Circuit uniquement<\/a>\n<ul>\n<li>With 3 selection rods: 105\/110\/115mm<\/li>\n<li>With bracket kit for the original exhaust system<\/li>\n<\/ul>\n<\/li>\n<li><a href=\"https:\/\/www.nja-racing.com\/en\/produit\/kit-paire-entretoises-de-roue-avant-imperdables-pour-yamaha-r6\/\" target=\"_blank\" rel=\"noopener noreferrer\">Kit paire entretoises de roue avant imperdables anodis\u00e9es noir pour Yamaha R6<\/a><\/li>\n<li><a href=\"https:\/\/www.nja-racing.com\/en\/produit\/kit-paire-entretoise-de-roue-arriere-imperdables-anodisees-noires-pour-yamaha-r6\/\" target=\"_blank\" rel=\"noopener noreferrer\">Kit paire entretoises de roue arri\u00e8re imperdables anodis\u00e9es noir pour Yamaha R6<\/a><\/li>\n<li><a href=\"https:\/\/www.nja-racing.com\/en\/produit\/bouchon-de-reservoir-visse-pour-yamaha-r6-r3-et-r1\/\" target=\"_blank\" rel=\"noopener noreferrer\">Bouchon de r\u00e9servoir viss\u00e9 pour Yamaha R6, R3 et R1<\/a><\/li>\n<li><a href=\"https:\/\/www.nja-racing.com\/en\/produit\/diabolos-performance-support-de-bequille-m6-la-paire\/\" target=\"_blank\" rel=\"noopener noreferrer\">Diabolos PERFORMANCE support de b\u00e9quille M6<\/a><\/li>\n<\/ul>\n<p>[\/vc_column_text][\/vc_column][\/vc_row]<\/p>\n","protected":false},"excerpt":{"rendered":"<p>[vc_row][vc_column][vc_column_text]The Yamaha R6 SINCE 2017 RACE pack consists of all the equipment to use your Yamaha R6 on the racetrack, while remaining approved for road use.<span class=\"excerpt-hellip\"> [\u2026]<\/span><\/p>\n","protected":false},"featured_media":880,"comment_status":"closed","ping_status":"closed","template":"","meta":{"inline_featured_image":false},"product_brand":[],"product_cat":[26],"product_tag":[],"class_list":{"0":"post-1060","1":"product","2":"type-product","3":"status-publish","4":"has-post-thumbnail","6":"product_cat-modeles-moto","7":"tm-no-options","9":"first","10":"instock","11":"taxable","12":"shipping-taxable","13":"purchasable","14":"product-type-simple"},"bundle_layout":"","bundled_by":[],"bundled_items":[],"yoast_head":"<!-- This site is optimized with the Yoast SEO plugin v26.8 - https:\/\/yoast.com\/product\/yoast-seo-wordpress\/ -->\n<title>Pack pi\u00e8ces moto Yamaha R6 2017 Race<\/title>\n<meta name=\"description\" content=\"NJA RACING est expert dans la vente de pi\u00e8ces pour les motos Yamaha : commande recul\u00e9e, diabolo performance, bouchon de r\u00e9servoir. Commandez d\u00e8s maintenant !\" \/>\n<meta name=\"robots\" content=\"index, follow, max-snippet:-1, max-image-preview:large, max-video-preview:-1\" \/>\n<link rel=\"canonical\" href=\"https:\/\/www.nja-racing.com\/en\/produit\/pack-yamaha-r6-depuis-2017-race\/\" \/>\n<meta property=\"og:locale\" content=\"en_GB\" \/>\n<meta property=\"og:type\" content=\"article\" \/>\n<meta property=\"og:title\" content=\"Pack pi\u00e8ces moto Yamaha R6 2017 Race\" \/>\n<meta property=\"og:description\" content=\"NJA RACING est expert dans la vente de pi\u00e8ces pour les motos Yamaha : commande recul\u00e9e, diabolo performance, bouchon de r\u00e9servoir. Commandez d\u00e8s maintenant !\" \/>\n<meta property=\"og:url\" content=\"https:\/\/www.nja-racing.com\/en\/produit\/pack-yamaha-r6-depuis-2017-race\/\" \/>\n<meta property=\"og:site_name\" content=\"NJA Racing English\" \/>\n<meta property=\"article:modified_time\" content=\"2021-12-17T03:17:00+00:00\" \/>\n<meta property=\"og:image\" content=\"https:\/\/www.nja-racing.com\/en\/wp-content\/uploads\/sites\/2\/2021\/04\/rear-control-yamaha-r6-since-2017-race.jpg\" \/>\n\t<meta property=\"og:image:width\" content=\"600\" \/>\n\t<meta property=\"og:image:height\" content=\"450\" \/>\n\t<meta property=\"og:image:type\" content=\"image\/jpeg\" \/>\n<meta name=\"twitter:card\" content=\"summary_large_image\" \/>\n<meta name=\"twitter:label1\" content=\"Estimated reading time\" \/>\n\t<meta name=\"twitter:data1\" content=\"1 minute\" \/>\n<script type=\"application\/ld+json\" class=\"yoast-schema-graph\">{\"@context\":\"https:\/\/schema.org\",\"@graph\":[{\"@type\":\"WebPage\",\"@id\":\"https:\/\/www.nja-racing.com\/en\/produit\/pack-yamaha-r6-depuis-2017-race\/\",\"url\":\"https:\/\/www.nja-racing.com\/en\/produit\/pack-yamaha-r6-depuis-2017-race\/\",\"name\":\"Pack pi\u00e8ces moto Yamaha R6 2017 Race\",\"isPartOf\":{\"@id\":\"https:\/\/www.nja-racing.com\/en\/#website\"},\"primaryImageOfPage\":{\"@id\":\"https:\/\/www.nja-racing.com\/en\/produit\/pack-yamaha-r6-depuis-2017-race\/#primaryimage\"},\"image\":{\"@id\":\"https:\/\/www.nja-racing.com\/en\/produit\/pack-yamaha-r6-depuis-2017-race\/#primaryimage\"},\"thumbnailUrl\":\"https:\/\/www.nja-racing.com\/en\/wp-content\/uploads\/sites\/2\/2021\/04\/rear-control-yamaha-r6-since-2017-race.jpg\",\"datePublished\":\"2021-08-02T09:20:15+00:00\",\"dateModified\":\"2021-12-17T03:17:00+00:00\",\"description\":\"NJA RACING est expert dans la vente de pi\u00e8ces pour les motos Yamaha : commande recul\u00e9e, diabolo performance, bouchon de r\u00e9servoir. Commandez d\u00e8s maintenant !\",\"breadcrumb\":{\"@id\":\"https:\/\/www.nja-racing.com\/en\/produit\/pack-yamaha-r6-depuis-2017-race\/#breadcrumb\"},\"inLanguage\":\"en-GB\",\"potentialAction\":[{\"@type\":\"ReadAction\",\"target\":[\"https:\/\/www.nja-racing.com\/en\/produit\/pack-yamaha-r6-depuis-2017-race\/\"]}]},{\"@type\":\"ImageObject\",\"inLanguage\":\"en-GB\",\"@id\":\"https:\/\/www.nja-racing.com\/en\/produit\/pack-yamaha-r6-depuis-2017-race\/#primaryimage\",\"url\":\"https:\/\/www.nja-racing.com\/en\/wp-content\/uploads\/sites\/2\/2021\/04\/rear-control-yamaha-r6-since-2017-race.jpg\",\"contentUrl\":\"https:\/\/www.nja-racing.com\/en\/wp-content\/uploads\/sites\/2\/2021\/04\/rear-control-yamaha-r6-since-2017-race.jpg\",\"width\":600,\"height\":450,\"caption\":\"Rear control Yamaha R6 since 2017 Race\"},{\"@type\":\"BreadcrumbList\",\"@id\":\"https:\/\/www.nja-racing.com\/en\/produit\/pack-yamaha-r6-depuis-2017-race\/#breadcrumb\",\"itemListElement\":[{\"@type\":\"ListItem\",\"position\":1,\"name\":\"Accueil\",\"item\":\"https:\/\/www.nja-racing.com\/en\/\"},{\"@type\":\"ListItem\",\"position\":2,\"name\":\"Shop\",\"item\":\"https:\/\/www.nja-racing.com\/en\/boutique\/\"},{\"@type\":\"ListItem\",\"position\":3,\"name\":\"Pack Yamaha R6 Since 2017 Race\"}]},{\"@type\":\"WebSite\",\"@id\":\"https:\/\/www.nja-racing.com\/en\/#website\",\"url\":\"https:\/\/www.nja-racing.com\/en\/\",\"name\":\"NJA Racing English\",\"description\":\"Motocycle part manufacturer\",\"potentialAction\":[{\"@type\":\"SearchAction\",\"target\":{\"@type\":\"EntryPoint\",\"urlTemplate\":\"https:\/\/www.nja-racing.com\/en\/?s={search_term_string}\"},\"query-input\":{\"@type\":\"PropertyValueSpecification\",\"valueRequired\":true,\"valueName\":\"search_term_string\"}}],\"inLanguage\":\"en-GB\"}]}<\/script>\n<!-- \/ Yoast SEO plugin. -->","yoast_head_json":{"title":"Pack pi\u00e8ces moto Yamaha R6 2017 Race","description":"NJA RACING est expert dans la vente de pi\u00e8ces pour les motos Yamaha : commande recul\u00e9e, diabolo performance, bouchon de r\u00e9servoir. Commandez d\u00e8s maintenant !","robots":{"index":"index","follow":"follow","max-snippet":"max-snippet:-1","max-image-preview":"max-image-preview:large","max-video-preview":"max-video-preview:-1"},"canonical":"https:\/\/www.nja-racing.com\/en\/produit\/pack-yamaha-r6-depuis-2017-race\/","og_locale":"en_GB","og_type":"article","og_title":"Pack pi\u00e8ces moto Yamaha R6 2017 Race","og_description":"NJA RACING est expert dans la vente de pi\u00e8ces pour les motos Yamaha : commande recul\u00e9e, diabolo performance, bouchon de r\u00e9servoir. Commandez d\u00e8s maintenant !","og_url":"https:\/\/www.nja-racing.com\/en\/produit\/pack-yamaha-r6-depuis-2017-race\/","og_site_name":"NJA Racing English","article_modified_time":"2021-12-17T03:17:00+00:00","og_image":[{"width":600,"height":450,"url":"https:\/\/www.nja-racing.com\/en\/wp-content\/uploads\/sites\/2\/2021\/04\/rear-control-yamaha-r6-since-2017-race.jpg","type":"image\/jpeg"}],"twitter_card":"summary_large_image","twitter_misc":{"Estimated reading time":"1 minute"},"schema":{"@context":"https:\/\/schema.org","@graph":[{"@type":"WebPage","@id":"https:\/\/www.nja-racing.com\/en\/produit\/pack-yamaha-r6-depuis-2017-race\/","url":"https:\/\/www.nja-racing.com\/en\/produit\/pack-yamaha-r6-depuis-2017-race\/","name":"Pack pi\u00e8ces moto Yamaha R6 2017 Race","isPartOf":{"@id":"https:\/\/www.nja-racing.com\/en\/#website"},"primaryImageOfPage":{"@id":"https:\/\/www.nja-racing.com\/en\/produit\/pack-yamaha-r6-depuis-2017-race\/#primaryimage"},"image":{"@id":"https:\/\/www.nja-racing.com\/en\/produit\/pack-yamaha-r6-depuis-2017-race\/#primaryimage"},"thumbnailUrl":"https:\/\/www.nja-racing.com\/en\/wp-content\/uploads\/sites\/2\/2021\/04\/rear-control-yamaha-r6-since-2017-race.jpg","datePublished":"2021-08-02T09:20:15+00:00","dateModified":"2021-12-17T03:17:00+00:00","description":"NJA RACING est expert dans la vente de pi\u00e8ces pour les motos Yamaha : commande recul\u00e9e, diabolo performance, bouchon de r\u00e9servoir. Commandez d\u00e8s maintenant !","breadcrumb":{"@id":"https:\/\/www.nja-racing.com\/en\/produit\/pack-yamaha-r6-depuis-2017-race\/#breadcrumb"},"inLanguage":"en-GB","potentialAction":[{"@type":"ReadAction","target":["https:\/\/www.nja-racing.com\/en\/produit\/pack-yamaha-r6-depuis-2017-race\/"]}]},{"@type":"ImageObject","inLanguage":"en-GB","@id":"https:\/\/www.nja-racing.com\/en\/produit\/pack-yamaha-r6-depuis-2017-race\/#primaryimage","url":"https:\/\/www.nja-racing.com\/en\/wp-content\/uploads\/sites\/2\/2021\/04\/rear-control-yamaha-r6-since-2017-race.jpg","contentUrl":"https:\/\/www.nja-racing.com\/en\/wp-content\/uploads\/sites\/2\/2021\/04\/rear-control-yamaha-r6-since-2017-race.jpg","width":600,"height":450,"caption":"Rear control Yamaha R6 since 2017 Race"},{"@type":"BreadcrumbList","@id":"https:\/\/www.nja-racing.com\/en\/produit\/pack-yamaha-r6-depuis-2017-race\/#breadcrumb","itemListElement":[{"@type":"ListItem","position":1,"name":"Accueil","item":"https:\/\/www.nja-racing.com\/en\/"},{"@type":"ListItem","position":2,"name":"Shop","item":"https:\/\/www.nja-racing.com\/en\/boutique\/"},{"@type":"ListItem","position":3,"name":"Pack Yamaha R6 Since 2017 Race"}]},{"@type":"WebSite","@id":"https:\/\/www.nja-racing.com\/en\/#website","url":"https:\/\/www.nja-racing.com\/en\/","name":"NJA Racing English","description":"Motocycle part manufacturer","potentialAction":[{"@type":"SearchAction","target":{"@type":"EntryPoint","urlTemplate":"https:\/\/www.nja-racing.com\/en\/?s={search_term_string}"},"query-input":{"@type":"PropertyValueSpecification","valueRequired":true,"valueName":"search_term_string"}}],"inLanguage":"en-GB"}]}},"_links":{"self":[{"href":"https:\/\/www.nja-racing.com\/en\/wp-json\/wp\/v2\/product\/1060","targetHints":{"allow":["GET"]}}],"collection":[{"href":"https:\/\/www.nja-racing.com\/en\/wp-json\/wp\/v2\/product"}],"about":[{"href":"https:\/\/www.nja-racing.com\/en\/wp-json\/wp\/v2\/types\/product"}],"replies":[{"embeddable":true,"href":"https:\/\/www.nja-racing.com\/en\/wp-json\/wp\/v2\/comments?post=1060"}],"wp:featuredmedia":[{"embeddable":true,"href":"https:\/\/www.nja-racing.com\/en\/wp-json\/wp\/v2\/media\/880"}],"wp:attachment":[{"href":"https:\/\/www.nja-racing.com\/en\/wp-json\/wp\/v2\/media?parent=1060"}],"wp:term":[{"taxonomy":"product_brand","embeddable":true,"href":"https:\/\/www.nja-racing.com\/en\/wp-json\/wp\/v2\/product_brand?post=1060"},{"taxonomy":"product_cat","embeddable":true,"href":"https:\/\/www.nja-racing.com\/en\/wp-json\/wp\/v2\/product_cat?post=1060"},{"taxonomy":"product_tag","embeddable":true,"href":"https:\/\/www.nja-racing.com\/en\/wp-json\/wp\/v2\/product_tag?post=1060"}],"curies":[{"name":"wp","href":"https:\/\/api.w.org\/{rel}","templated":true}]}}