{"id":1058,"date":"2021-08-02T11:01:27","date_gmt":"2021-08-02T09:01:27","guid":{"rendered":"https:\/\/www.nja-racing.com\/en\/?post_type=product&#038;p=1058"},"modified":"2022-01-28T09:29:39","modified_gmt":"2022-01-28T08:29:39","slug":"pack-yamaha-r1-race","status":"publish","type":"product","link":"https:\/\/www.nja-racing.com\/en\/produit\/pack-yamaha-r1-race\/","title":{"rendered":"Pack Yamaha R1 Race"},"content":{"rendered":"<p>[vc_row][vc_column][vc_column_text]The<strong> Yamaha R1 RACE package<\/strong> contains all the equipment you need to use your<strong> Yamaha RI on the racetrack<\/strong>, while still being approved for road use.<\/p>\n<p>It consists of the following items:<\/p>\n<ul>\n<li><a href=\"https:\/\/www.nja-racing.com\/en\/produit\/commande-reculee-yamaha-r1-depuis-2015-race-avec-utilisation-de-la-bequille-laterale-selection-inversee\/\" target=\"_blank\" rel=\"noopener noreferrer\">Commande recul\u00e9e Yamaha RI depuis 2015 RACE, avec utilisation de la b\u00e9quille lat\u00e9rale &#8211; S\u00e9lection invers\u00e9e<\/a>\n<ul>\n<li>With 3 selection rods: 105\/110\/115mm<\/li>\n<\/ul>\n<\/li>\n<li><a href=\"https:\/\/www.nja-racing.com\/en\/produit\/kit-paire-entretoises-de-roue-avant-yamaha-r1\/\" target=\"_blank\" rel=\"noopener noreferrer\">Kit paire entretoises de roue avant imperdables anodis\u00e9es noir pour Yamaha R1<\/a><\/li>\n<li><a href=\"https:\/\/www.nja-racing.com\/en\/produit\/kit-paire-entretoises-de-roue-arriere-yamaha-r1\/\" target=\"_blank\" rel=\"noopener noreferrer\">Kit paire entretoises de roue arri\u00e8re imperdables anodis\u00e9es noir pour Yamaha R1<\/a><\/li>\n<li><a href=\"https:\/\/www.nja-racing.com\/en\/produit\/bouchon-de-reservoir-visse-pour-yamaha-r6-r3-et-r1\/\" target=\"_blank\" rel=\"noopener noreferrer\">Bouchon de r\u00e9servoir viss\u00e9 pour Yamaha R6, R3 et R1<\/a><\/li>\n<li><a href=\"https:\/\/www.nja-racing.com\/en\/produit\/diabolos-performance-support-de-bequille-m6-la-paire\/\" target=\"_blank\" rel=\"noopener noreferrer\">Diabolos PERFORMANCE support de b\u00e9quille M6<\/a><\/li>\n<\/ul>\n<p>[\/vc_column_text][\/vc_column][\/vc_row]<\/p>\n","protected":false},"excerpt":{"rendered":"<p>[vc_row][vc_column][vc_column_text]The Yamaha R1 RACE package contains all the equipment you need to use your Yamaha RI on the racetrack, while still being approved for road use.<span class=\"excerpt-hellip\"> [\u2026]<\/span><\/p>\n","protected":false},"featured_media":1350,"comment_status":"closed","ping_status":"closed","template":"","meta":{"inline_featured_image":false},"product_brand":[],"product_cat":[26],"product_tag":[],"class_list":{"0":"post-1058","1":"product","2":"type-product","3":"status-publish","4":"has-post-thumbnail","6":"product_cat-modeles-moto","7":"tm-no-options","9":"first","10":"instock","11":"taxable","12":"shipping-taxable","13":"purchasable","14":"product-type-simple"},"bundle_layout":"","bundled_by":[],"bundled_items":[],"yoast_head":"<!-- This site is optimized with the Yoast SEO plugin v26.8 - https:\/\/yoast.com\/product\/yoast-seo-wordpress\/ -->\n<title>Part pack for Yamaha R1 Race, backwards control, pair of spacer<\/title>\n<meta name=\"description\" content=\"NJA RACING proposes packs for the Yamaha R1 motorbikes composed of backward control, spacer kit and tank caps. Contact us for more information!\" \/>\n<meta name=\"robots\" content=\"index, follow, max-snippet:-1, max-image-preview:large, max-video-preview:-1\" \/>\n<link rel=\"canonical\" href=\"https:\/\/www.nja-racing.com\/en\/produit\/pack-yamaha-r1-race\/\" \/>\n<meta property=\"og:locale\" content=\"en_GB\" \/>\n<meta property=\"og:type\" content=\"article\" \/>\n<meta property=\"og:title\" content=\"Part pack for Yamaha R1 Race, backwards control, pair of spacer\" \/>\n<meta property=\"og:description\" content=\"NJA RACING proposes packs for the Yamaha R1 motorbikes composed of backward control, spacer kit and tank caps. Contact us for more information!\" \/>\n<meta property=\"og:url\" content=\"https:\/\/www.nja-racing.com\/en\/produit\/pack-yamaha-r1-race\/\" \/>\n<meta property=\"og:site_name\" content=\"NJA Racing English\" \/>\n<meta property=\"article:modified_time\" content=\"2022-01-28T08:29:39+00:00\" \/>\n<meta property=\"og:image\" content=\"https:\/\/www.nja-racing.com\/en\/wp-content\/uploads\/sites\/2\/2021\/08\/motorbike-parts-for-yamaha-r1-race.jpg\" \/>\n\t<meta property=\"og:image:width\" content=\"600\" \/>\n\t<meta property=\"og:image:height\" content=\"450\" \/>\n\t<meta property=\"og:image:type\" content=\"image\/jpeg\" \/>\n<meta name=\"twitter:card\" content=\"summary_large_image\" \/>\n<meta name=\"twitter:label1\" content=\"Estimated reading time\" \/>\n\t<meta name=\"twitter:data1\" content=\"1 minute\" \/>\n<script type=\"application\/ld+json\" class=\"yoast-schema-graph\">{\"@context\":\"https:\/\/schema.org\",\"@graph\":[{\"@type\":\"WebPage\",\"@id\":\"https:\/\/www.nja-racing.com\/en\/produit\/pack-yamaha-r1-race\/\",\"url\":\"https:\/\/www.nja-racing.com\/en\/produit\/pack-yamaha-r1-race\/\",\"name\":\"Part pack for Yamaha R1 Race, backwards control, pair of spacer\",\"isPartOf\":{\"@id\":\"https:\/\/www.nja-racing.com\/en\/#website\"},\"primaryImageOfPage\":{\"@id\":\"https:\/\/www.nja-racing.com\/en\/produit\/pack-yamaha-r1-race\/#primaryimage\"},\"image\":{\"@id\":\"https:\/\/www.nja-racing.com\/en\/produit\/pack-yamaha-r1-race\/#primaryimage\"},\"thumbnailUrl\":\"https:\/\/www.nja-racing.com\/en\/wp-content\/uploads\/sites\/2\/2021\/08\/motorbike-parts-for-yamaha-r1-race.jpg\",\"datePublished\":\"2021-08-02T09:01:27+00:00\",\"dateModified\":\"2022-01-28T08:29:39+00:00\",\"description\":\"NJA RACING proposes packs for the Yamaha R1 motorbikes composed of backward control, spacer kit and tank caps. Contact us for more information!\",\"breadcrumb\":{\"@id\":\"https:\/\/www.nja-racing.com\/en\/produit\/pack-yamaha-r1-race\/#breadcrumb\"},\"inLanguage\":\"en-GB\",\"potentialAction\":[{\"@type\":\"ReadAction\",\"target\":[\"https:\/\/www.nja-racing.com\/en\/produit\/pack-yamaha-r1-race\/\"]}]},{\"@type\":\"ImageObject\",\"inLanguage\":\"en-GB\",\"@id\":\"https:\/\/www.nja-racing.com\/en\/produit\/pack-yamaha-r1-race\/#primaryimage\",\"url\":\"https:\/\/www.nja-racing.com\/en\/wp-content\/uploads\/sites\/2\/2021\/08\/motorbike-parts-for-yamaha-r1-race.jpg\",\"contentUrl\":\"https:\/\/www.nja-racing.com\/en\/wp-content\/uploads\/sites\/2\/2021\/08\/motorbike-parts-for-yamaha-r1-race.jpg\",\"width\":600,\"height\":450,\"caption\":\"Motorbike parts for Yamaha R1 race\"},{\"@type\":\"BreadcrumbList\",\"@id\":\"https:\/\/www.nja-racing.com\/en\/produit\/pack-yamaha-r1-race\/#breadcrumb\",\"itemListElement\":[{\"@type\":\"ListItem\",\"position\":1,\"name\":\"Accueil\",\"item\":\"https:\/\/www.nja-racing.com\/en\/\"},{\"@type\":\"ListItem\",\"position\":2,\"name\":\"Shop\",\"item\":\"https:\/\/www.nja-racing.com\/en\/boutique\/\"},{\"@type\":\"ListItem\",\"position\":3,\"name\":\"Pack Yamaha R1 Race\"}]},{\"@type\":\"WebSite\",\"@id\":\"https:\/\/www.nja-racing.com\/en\/#website\",\"url\":\"https:\/\/www.nja-racing.com\/en\/\",\"name\":\"NJA Racing English\",\"description\":\"Motocycle part manufacturer\",\"potentialAction\":[{\"@type\":\"SearchAction\",\"target\":{\"@type\":\"EntryPoint\",\"urlTemplate\":\"https:\/\/www.nja-racing.com\/en\/?s={search_term_string}\"},\"query-input\":{\"@type\":\"PropertyValueSpecification\",\"valueRequired\":true,\"valueName\":\"search_term_string\"}}],\"inLanguage\":\"en-GB\"}]}<\/script>\n<!-- \/ Yoast SEO plugin. -->","yoast_head_json":{"title":"Part pack for Yamaha R1 Race, backwards control, pair of spacer","description":"NJA RACING proposes packs for the Yamaha R1 motorbikes composed of backward control, spacer kit and tank caps. Contact us for more information!","robots":{"index":"index","follow":"follow","max-snippet":"max-snippet:-1","max-image-preview":"max-image-preview:large","max-video-preview":"max-video-preview:-1"},"canonical":"https:\/\/www.nja-racing.com\/en\/produit\/pack-yamaha-r1-race\/","og_locale":"en_GB","og_type":"article","og_title":"Part pack for Yamaha R1 Race, backwards control, pair of spacer","og_description":"NJA RACING proposes packs for the Yamaha R1 motorbikes composed of backward control, spacer kit and tank caps. Contact us for more information!","og_url":"https:\/\/www.nja-racing.com\/en\/produit\/pack-yamaha-r1-race\/","og_site_name":"NJA Racing English","article_modified_time":"2022-01-28T08:29:39+00:00","og_image":[{"width":600,"height":450,"url":"https:\/\/www.nja-racing.com\/en\/wp-content\/uploads\/sites\/2\/2021\/08\/motorbike-parts-for-yamaha-r1-race.jpg","type":"image\/jpeg"}],"twitter_card":"summary_large_image","twitter_misc":{"Estimated reading time":"1 minute"},"schema":{"@context":"https:\/\/schema.org","@graph":[{"@type":"WebPage","@id":"https:\/\/www.nja-racing.com\/en\/produit\/pack-yamaha-r1-race\/","url":"https:\/\/www.nja-racing.com\/en\/produit\/pack-yamaha-r1-race\/","name":"Part pack for Yamaha R1 Race, backwards control, pair of spacer","isPartOf":{"@id":"https:\/\/www.nja-racing.com\/en\/#website"},"primaryImageOfPage":{"@id":"https:\/\/www.nja-racing.com\/en\/produit\/pack-yamaha-r1-race\/#primaryimage"},"image":{"@id":"https:\/\/www.nja-racing.com\/en\/produit\/pack-yamaha-r1-race\/#primaryimage"},"thumbnailUrl":"https:\/\/www.nja-racing.com\/en\/wp-content\/uploads\/sites\/2\/2021\/08\/motorbike-parts-for-yamaha-r1-race.jpg","datePublished":"2021-08-02T09:01:27+00:00","dateModified":"2022-01-28T08:29:39+00:00","description":"NJA RACING proposes packs for the Yamaha R1 motorbikes composed of backward control, spacer kit and tank caps. Contact us for more information!","breadcrumb":{"@id":"https:\/\/www.nja-racing.com\/en\/produit\/pack-yamaha-r1-race\/#breadcrumb"},"inLanguage":"en-GB","potentialAction":[{"@type":"ReadAction","target":["https:\/\/www.nja-racing.com\/en\/produit\/pack-yamaha-r1-race\/"]}]},{"@type":"ImageObject","inLanguage":"en-GB","@id":"https:\/\/www.nja-racing.com\/en\/produit\/pack-yamaha-r1-race\/#primaryimage","url":"https:\/\/www.nja-racing.com\/en\/wp-content\/uploads\/sites\/2\/2021\/08\/motorbike-parts-for-yamaha-r1-race.jpg","contentUrl":"https:\/\/www.nja-racing.com\/en\/wp-content\/uploads\/sites\/2\/2021\/08\/motorbike-parts-for-yamaha-r1-race.jpg","width":600,"height":450,"caption":"Motorbike parts for Yamaha R1 race"},{"@type":"BreadcrumbList","@id":"https:\/\/www.nja-racing.com\/en\/produit\/pack-yamaha-r1-race\/#breadcrumb","itemListElement":[{"@type":"ListItem","position":1,"name":"Accueil","item":"https:\/\/www.nja-racing.com\/en\/"},{"@type":"ListItem","position":2,"name":"Shop","item":"https:\/\/www.nja-racing.com\/en\/boutique\/"},{"@type":"ListItem","position":3,"name":"Pack Yamaha R1 Race"}]},{"@type":"WebSite","@id":"https:\/\/www.nja-racing.com\/en\/#website","url":"https:\/\/www.nja-racing.com\/en\/","name":"NJA Racing English","description":"Motocycle part manufacturer","potentialAction":[{"@type":"SearchAction","target":{"@type":"EntryPoint","urlTemplate":"https:\/\/www.nja-racing.com\/en\/?s={search_term_string}"},"query-input":{"@type":"PropertyValueSpecification","valueRequired":true,"valueName":"search_term_string"}}],"inLanguage":"en-GB"}]}},"_links":{"self":[{"href":"https:\/\/www.nja-racing.com\/en\/wp-json\/wp\/v2\/product\/1058","targetHints":{"allow":["GET"]}}],"collection":[{"href":"https:\/\/www.nja-racing.com\/en\/wp-json\/wp\/v2\/product"}],"about":[{"href":"https:\/\/www.nja-racing.com\/en\/wp-json\/wp\/v2\/types\/product"}],"replies":[{"embeddable":true,"href":"https:\/\/www.nja-racing.com\/en\/wp-json\/wp\/v2\/comments?post=1058"}],"wp:featuredmedia":[{"embeddable":true,"href":"https:\/\/www.nja-racing.com\/en\/wp-json\/wp\/v2\/media\/1350"}],"wp:attachment":[{"href":"https:\/\/www.nja-racing.com\/en\/wp-json\/wp\/v2\/media?parent=1058"}],"wp:term":[{"taxonomy":"product_brand","embeddable":true,"href":"https:\/\/www.nja-racing.com\/en\/wp-json\/wp\/v2\/product_brand?post=1058"},{"taxonomy":"product_cat","embeddable":true,"href":"https:\/\/www.nja-racing.com\/en\/wp-json\/wp\/v2\/product_cat?post=1058"},{"taxonomy":"product_tag","embeddable":true,"href":"https:\/\/www.nja-racing.com\/en\/wp-json\/wp\/v2\/product_tag?post=1058"}],"curies":[{"name":"wp","href":"https:\/\/api.w.org\/{rel}","templated":true}]}}