{"id":96,"date":"2020-01-08T11:34:58","date_gmt":"2020-01-08T10:34:58","guid":{"rendered":"https:\/\/www.nja-racing.fr\/?page_id=96"},"modified":"2020-11-16T12:19:41","modified_gmt":"2020-11-16T11:19:41","slug":"contact","status":"publish","type":"page","link":"https:\/\/www.nja-racing.com\/en\/contact\/","title":{"rendered":"Contact"},"content":{"rendered":"<p>[vc_row][vc_column width=&#8221;1\/2&#8243;]\n<div class=\"wpcf7 no-js\" id=\"wpcf7-f95-o1\" lang=\"fr-FR\" dir=\"ltr\" data-wpcf7-id=\"95\">\n<div class=\"screen-reader-response\"><p role=\"status\" aria-live=\"polite\" aria-atomic=\"true\"><\/p> <ul><\/ul><\/div>\n<form action=\"\/en\/wp-json\/wp\/v2\/pages\/96#wpcf7-f95-o1\" method=\"post\" class=\"wpcf7-form init\" aria-label=\"Formulaire de contact\" novalidate=\"novalidate\" data-status=\"init\">\n<fieldset class=\"hidden-fields-container\"><input type=\"hidden\" name=\"_wpcf7\" value=\"95\" \/><input type=\"hidden\" name=\"_wpcf7_version\" value=\"6.1.5\" \/><input type=\"hidden\" name=\"_wpcf7_locale\" value=\"fr_FR\" \/><input type=\"hidden\" name=\"_wpcf7_unit_tag\" value=\"wpcf7-f95-o1\" \/><input type=\"hidden\" name=\"_wpcf7_container_post\" value=\"0\" \/><input type=\"hidden\" name=\"_wpcf7_posted_data_hash\" value=\"\" \/>\n<\/fieldset>\n<p><label> Nom<br \/>\n<span class=\"wpcf7-form-control-wrap\" data-name=\"your-name\"><input size=\"40\" maxlength=\"400\" class=\"wpcf7-form-control wpcf7-text wpcf7-validates-as-required\" aria-required=\"true\" aria-invalid=\"false\" value=\"\" type=\"text\" name=\"your-name\" \/><\/span> <\/label>\n<\/p>\n<p><label> Email<br \/>\n<span class=\"wpcf7-form-control-wrap\" data-name=\"your-email\"><input size=\"40\" maxlength=\"400\" class=\"wpcf7-form-control wpcf7-email wpcf7-validates-as-required wpcf7-text wpcf7-validates-as-email\" aria-required=\"true\" aria-invalid=\"false\" value=\"\" type=\"email\" name=\"your-email\" \/><\/span> <\/label>\n<\/p>\n<p><label> T\u00e9l\u00e9phone<br \/>\n<span class=\"wpcf7-form-control-wrap\" data-name=\"tlphone\"><input size=\"40\" maxlength=\"400\" class=\"wpcf7-form-control wpcf7-tel wpcf7-text wpcf7-validates-as-tel\" aria-invalid=\"false\" value=\"\" type=\"tel\" name=\"tlphone\" \/><\/span> <\/label>\n<\/p>\n<p><label> Entreprise<br \/>\n<span class=\"wpcf7-form-control-wrap\" data-name=\"entreprise\"><input size=\"40\" maxlength=\"400\" class=\"wpcf7-form-control wpcf7-text\" aria-invalid=\"false\" value=\"\" type=\"text\" name=\"entreprise\" \/><\/span> <\/label>\n<\/p>\n<p><label> Votre Message<br \/>\n<span class=\"wpcf7-form-control-wrap\" data-name=\"your-message\"><textarea cols=\"40\" rows=\"10\" maxlength=\"2000\" class=\"wpcf7-form-control wpcf7-textarea\" aria-invalid=\"false\" name=\"your-message\"><\/textarea><\/span> <\/label>\n<\/p>\n<div class=\"full\">\n\t<p>How did you find us ?*<br \/>\n<span class=\"wpcf7-form-control-wrap\" data-name=\"menu-366\"><select class=\"wpcf7-form-control wpcf7-select wpcf7-validates-as-required\" aria-required=\"true\" aria-invalid=\"false\" name=\"menu-366\"><option value=\"\">&#8212;Veuillez choisir une option&#8212;<\/option><option value=\"Search engine\">Search engine<\/option><option value=\"Exhibition\">Exhibition<\/option><option value=\"Word of mouth\">Word of mouth<\/option><option value=\"Social networks\">Social networks<\/option><option value=\"Email marketing\">Email marketing<\/option><\/select><\/span>\n\t<\/p>\n<\/div>\n<p><span class=\"wpcf7-form-control-wrap\" data-name=\"your-consent\"><span class=\"wpcf7-form-control wpcf7-acceptance\"><span class=\"wpcf7-list-item\"><label><input type=\"checkbox\" name=\"your-consent\" value=\"1\" aria-invalid=\"false\" \/><span class=\"wpcf7-list-item-label\">By using this form, I agree to the storage and handling of my data by this website.<\/span><\/label><\/span><\/span><\/span>\n<\/p>\n<p><input class=\"wpcf7-form-control wpcf7-submit has-spinner\" type=\"submit\" value=\"Envoyer\" \/>\n<\/p><input\n                    class=\"apbct_special_field apbct_email_id__wp_contact_form_7\"\n                    name=\"apbct__email_id__wp_contact_form_7\"\n                    aria-label=\"apbct__label_id__wp_contact_form_7\"\n                    type=\"text\" size=\"30\" maxlength=\"200\" autocomplete=\"off\"\n                    value=\"\"\n                \/><div class=\"wpcf7-response-output\" aria-hidden=\"true\"><\/div>\n<\/form>\n<\/div>\n[\/vc_column][vc_column width=&#8221;1\/2&#8243;][vc_column_text]<strong>NJA<\/strong><br \/>\n283 Chemin de La Coudre<br \/>\nZI Ecotec BP 15<br \/>\n74460 MARNAZ<br \/>\n<i class=\"phone\"><\/i><a href=\"tel:0450181731\">04 50 18 17 31<\/a>[\/vc_column_text][vc_gmaps link=&#8221;#E-8_JTNDaWZyYW1lJTIwc3JjJTNEJTIyaHR0cHMlM0ElMkYlMkZ3d3cuZ29vZ2xlLmNvbSUyRm1hcHMlMkZlbWJlZCUzRnBiJTNEJTIxMW0xNCUyMTFtOCUyMTFtMyUyMTFkMTEwNzIuNTk3MDQzMTM4NDY3JTIxMmQ2LjUxNTU0NDMlMjEzZDQ2LjA2ODA2NDklMjEzbTIlMjExaTEwMjQlMjEyaTc2OCUyMTRmMTMuMSUyMTNtMyUyMTFtMiUyMTFzMHgwJTI1M0EweGM3MzhlYTFkMzJkNDFkN2QlMjEyc05qYSUyNTIwSW5kdXN0cmllJTIxNWUwJTIxM20yJTIxMXNmciUyMTJzZnIlMjE0djE1Nzg0Nzk3NDI1MzQlMjE1bTIlMjExc2ZyJTIxMnNmciUyMiUyMHdpZHRoJTNEJTIyNjAwJTIyJTIwaGVpZ2h0JTNEJTIyNDUwJTIyJTIwZnJhbWVib3JkZXIlM0QlMjIwJTIyJTIwc3R5bGUlM0QlMjJib3JkZXIlM0EwJTNCJTIyJTIwYWxsb3dmdWxsc2NyZWVuJTNEJTIyJTIyJTNFJTNDJTJGaWZyYW1lJTNF&#8221;][\/vc_column][\/vc_row]<\/p>\n","protected":false},"excerpt":{"rendered":"<p>[vc_row][vc_column width=&#8221;1\/2&#8243;][\/vc_column][vc_column width=&#8221;1\/2&#8243;][vc_column_text]NJA 283 Chemin de La Coudre ZI Ecotec BP 15 74460 MARNAZ 04 50 18 17 31[\/vc_column_text][vc_gmaps link=&#8221;#E-8_JTNDaWZyYW1lJTIwc3JjJTNEJTIyaHR0cHMlM0ElMkYlMkZ3d3cuZ29vZ2xlLmNvbSUyRm1hcHMlMkZlbWJlZCUzRnBiJTNEJTIxMW0xNCUyMTFtOCUyMTFtMyUyMTFkMTEwNzIuNTk3MDQzMTM4NDY3JTIxMmQ2LjUxNTU0NDMlMjEzZDQ2LjA2ODA2NDklMjEzbTIlMjExaTEwMjQlMjEyaTc2OCUyMTRmMTMuMSUyMTNtMyUyMTFtMiUyMTFzMHgwJTI1M0EweGM3MzhlYTFkMzJkNDFkN2QlMjEyc05qYSUyNTIwSW5kdXN0cmllJTIxNWUwJTIxM20yJTIxMXNmciUyMTJzZnIlMjE0djE1Nzg0Nzk3NDI1MzQlMjE1bTIlMjExc2ZyJTIxMnNmciUyMiUyMHdpZHRoJTNEJTIyNjAwJTIyJTIwaGVpZ2h0JTNEJTIyNDUwJTIyJTIwZnJhbWVib3JkZXIlM0QlMjIwJTIyJTIwc3R5bGUlM0QlMjJib3JkZXIlM0EwJTNCJTIyJTIwYWxsb3dmdWxsc2NyZWVuJTNEJTIyJTIyJTNFJTNDJTJGaWZyYW1lJTNF&#8221;][\/vc_column][\/vc_row]<\/p>\n","protected":false},"author":1,"featured_media":0,"parent":0,"menu_order":0,"comment_status":"closed","ping_status":"closed","template":"","meta":{"inline_featured_image":false,"footnotes":""},"class_list":["post-96","page","type-page","status-publish","hentry"],"yoast_head":"<!-- This site is optimized with the Yoast SEO plugin v26.8 - https:\/\/yoast.com\/product\/yoast-seo-wordpress\/ -->\n<title>Contact fabricant pi\u00e8ces d\u00e9tach\u00e9es moto, devis NJA Racing<\/title>\n<meta name=\"description\" content=\"Contactez NJA Racing, fabricant de pi\u00e8ces d\u00e9tach\u00e9es pour moto.\" \/>\n<meta name=\"robots\" content=\"index, follow, max-snippet:-1, max-image-preview:large, max-video-preview:-1\" \/>\n<link rel=\"canonical\" href=\"https:\/\/www.nja-racing.com\/en\/contact\/\" \/>\n<meta property=\"og:locale\" content=\"en_GB\" \/>\n<meta property=\"og:type\" content=\"article\" \/>\n<meta property=\"og:title\" content=\"Contact fabricant pi\u00e8ces d\u00e9tach\u00e9es moto, devis NJA Racing\" \/>\n<meta property=\"og:description\" content=\"Contactez NJA Racing, fabricant de pi\u00e8ces d\u00e9tach\u00e9es pour moto.\" \/>\n<meta property=\"og:url\" content=\"https:\/\/www.nja-racing.com\/en\/contact\/\" \/>\n<meta property=\"og:site_name\" content=\"NJA Racing English\" \/>\n<meta property=\"article:modified_time\" content=\"2020-11-16T11:19:41+00:00\" \/>\n<meta name=\"twitter:card\" content=\"summary_large_image\" \/>\n<script type=\"application\/ld+json\" class=\"yoast-schema-graph\">{\"@context\":\"https:\/\/schema.org\",\"@graph\":[{\"@type\":\"WebPage\",\"@id\":\"https:\/\/www.nja-racing.com\/en\/contact\/\",\"url\":\"https:\/\/www.nja-racing.com\/en\/contact\/\",\"name\":\"Contact fabricant pi\u00e8ces d\u00e9tach\u00e9es moto, devis NJA Racing\",\"isPartOf\":{\"@id\":\"https:\/\/www.nja-racing.com\/en\/#website\"},\"datePublished\":\"2020-01-08T10:34:58+00:00\",\"dateModified\":\"2020-11-16T11:19:41+00:00\",\"description\":\"Contactez NJA Racing, fabricant de pi\u00e8ces d\u00e9tach\u00e9es pour moto.\",\"breadcrumb\":{\"@id\":\"https:\/\/www.nja-racing.com\/en\/contact\/#breadcrumb\"},\"inLanguage\":\"en-GB\",\"potentialAction\":[{\"@type\":\"ReadAction\",\"target\":[\"https:\/\/www.nja-racing.com\/en\/contact\/\"]}]},{\"@type\":\"BreadcrumbList\",\"@id\":\"https:\/\/www.nja-racing.com\/en\/contact\/#breadcrumb\",\"itemListElement\":[{\"@type\":\"ListItem\",\"position\":1,\"name\":\"Accueil\",\"item\":\"https:\/\/www.nja-racing.com\/en\/\"},{\"@type\":\"ListItem\",\"position\":2,\"name\":\"Contact\"}]},{\"@type\":\"WebSite\",\"@id\":\"https:\/\/www.nja-racing.com\/en\/#website\",\"url\":\"https:\/\/www.nja-racing.com\/en\/\",\"name\":\"NJA Racing English\",\"description\":\"Motocycle part manufacturer\",\"potentialAction\":[{\"@type\":\"SearchAction\",\"target\":{\"@type\":\"EntryPoint\",\"urlTemplate\":\"https:\/\/www.nja-racing.com\/en\/?s={search_term_string}\"},\"query-input\":{\"@type\":\"PropertyValueSpecification\",\"valueRequired\":true,\"valueName\":\"search_term_string\"}}],\"inLanguage\":\"en-GB\"}]}<\/script>\n<!-- \/ Yoast SEO plugin. -->","yoast_head_json":{"title":"Contact fabricant pi\u00e8ces d\u00e9tach\u00e9es moto, devis NJA Racing","description":"Contactez NJA Racing, fabricant de pi\u00e8ces d\u00e9tach\u00e9es pour moto.","robots":{"index":"index","follow":"follow","max-snippet":"max-snippet:-1","max-image-preview":"max-image-preview:large","max-video-preview":"max-video-preview:-1"},"canonical":"https:\/\/www.nja-racing.com\/en\/contact\/","og_locale":"en_GB","og_type":"article","og_title":"Contact fabricant pi\u00e8ces d\u00e9tach\u00e9es moto, devis NJA Racing","og_description":"Contactez NJA Racing, fabricant de pi\u00e8ces d\u00e9tach\u00e9es pour moto.","og_url":"https:\/\/www.nja-racing.com\/en\/contact\/","og_site_name":"NJA Racing English","article_modified_time":"2020-11-16T11:19:41+00:00","twitter_card":"summary_large_image","schema":{"@context":"https:\/\/schema.org","@graph":[{"@type":"WebPage","@id":"https:\/\/www.nja-racing.com\/en\/contact\/","url":"https:\/\/www.nja-racing.com\/en\/contact\/","name":"Contact fabricant pi\u00e8ces d\u00e9tach\u00e9es moto, devis NJA Racing","isPartOf":{"@id":"https:\/\/www.nja-racing.com\/en\/#website"},"datePublished":"2020-01-08T10:34:58+00:00","dateModified":"2020-11-16T11:19:41+00:00","description":"Contactez NJA Racing, fabricant de pi\u00e8ces d\u00e9tach\u00e9es pour moto.","breadcrumb":{"@id":"https:\/\/www.nja-racing.com\/en\/contact\/#breadcrumb"},"inLanguage":"en-GB","potentialAction":[{"@type":"ReadAction","target":["https:\/\/www.nja-racing.com\/en\/contact\/"]}]},{"@type":"BreadcrumbList","@id":"https:\/\/www.nja-racing.com\/en\/contact\/#breadcrumb","itemListElement":[{"@type":"ListItem","position":1,"name":"Accueil","item":"https:\/\/www.nja-racing.com\/en\/"},{"@type":"ListItem","position":2,"name":"Contact"}]},{"@type":"WebSite","@id":"https:\/\/www.nja-racing.com\/en\/#website","url":"https:\/\/www.nja-racing.com\/en\/","name":"NJA Racing English","description":"Motocycle part manufacturer","potentialAction":[{"@type":"SearchAction","target":{"@type":"EntryPoint","urlTemplate":"https:\/\/www.nja-racing.com\/en\/?s={search_term_string}"},"query-input":{"@type":"PropertyValueSpecification","valueRequired":true,"valueName":"search_term_string"}}],"inLanguage":"en-GB"}]}},"_links":{"self":[{"href":"https:\/\/www.nja-racing.com\/en\/wp-json\/wp\/v2\/pages\/96","targetHints":{"allow":["GET"]}}],"collection":[{"href":"https:\/\/www.nja-racing.com\/en\/wp-json\/wp\/v2\/pages"}],"about":[{"href":"https:\/\/www.nja-racing.com\/en\/wp-json\/wp\/v2\/types\/page"}],"author":[{"embeddable":true,"href":"https:\/\/www.nja-racing.com\/en\/wp-json\/wp\/v2\/users\/1"}],"replies":[{"embeddable":true,"href":"https:\/\/www.nja-racing.com\/en\/wp-json\/wp\/v2\/comments?post=96"}],"version-history":[{"count":5,"href":"https:\/\/www.nja-racing.com\/en\/wp-json\/wp\/v2\/pages\/96\/revisions"}],"predecessor-version":[{"id":577,"href":"https:\/\/www.nja-racing.com\/en\/wp-json\/wp\/v2\/pages\/96\/revisions\/577"}],"wp:attachment":[{"href":"https:\/\/www.nja-racing.com\/en\/wp-json\/wp\/v2\/media?parent=96"}],"curies":[{"name":"wp","href":"https:\/\/api.w.org\/{rel}","templated":true}]}}