{"id":1883,"date":"2022-02-04T09:07:43","date_gmt":"2022-02-04T08:07:43","guid":{"rendered":"https:\/\/www.nja-racing.com\/en\/?page_id=1883"},"modified":"2022-02-04T09:07:43","modified_gmt":"2022-02-04T08:07:43","slug":"legals-informations","status":"publish","type":"page","link":"https:\/\/www.nja-racing.com\/en\/legals-informations\/","title":{"rendered":"Legals informations"},"content":{"rendered":"<p>[vc_row][vc_column][vc_column_text]<\/p>\n<h2>\u00c9diteur du site<\/h2>\n<p>Le site <a href=\"https:\/\/www.nja-racing.fr\">www.nja-racing.fr<\/a> est la propri\u00e9t\u00e9 de la soci\u00e9t\u00e9 <strong>NJA Industrie<\/strong>.<\/p>\n<p>Siret : 528 940 273 00022<\/p>\n<p>Code APE : D\u00e9colletage (2562A)<\/p>\n<p>Directeur de la publication : St\u00e9phanie et Lo\u00efc BULTOT, g\u00e9rants de l\u2019entreprise NJA Industrie.<\/p>\n<p>&nbsp;<\/p>\n<h2>CONTACT<\/h2>\n<p>NJA Industrie<\/p>\n<p>Si\u00e8ge :<\/p>\n<p>283 Chemin de la Coudre<br \/>\n74460 MARNAZ<\/p>\n<p>04 50 18 17 31<\/p>\n<h2>H\u00e9bergement du site<\/h2>\n<p>Soci\u00e9t\u00e9 : OVH<\/p>\n<p>Adresse : 2 rue Kellermann \u2013 59100 Roubaix \u2013 France<\/p>\n<h2>Conception du site et r\u00e9f\u00e9rencement naturel<\/h2>\n<p>Soci\u00e9t\u00e9 : <a title=\"D2b Consulting\" href=\"https:\/\/www.d2bconsulting.fr\/\" target=\"_blank\" rel=\"noopener nofollow noreferrer\">D2b Consulting, conseil en strat\u00e9gie commerciale et strat\u00e9gie digitale<\/a><\/p>\n<p>Adresse : 3, rue Gattefoss\u00e9 \u2013 69800 St Priest.<\/p>\n<p>&nbsp;<\/p>\n<h2>Dispositions l\u00e9gales<\/h2>\n<p>Les informations diffus\u00e9es sur ce site et plus largement sur les noms de domaine propri\u00e9t\u00e9 de NJA Industrie sont fournies \u00e0 titre purement informatif. NJA Industrie compile et produit ces contenus \u00e0 partir de diff\u00e9rentes sources concordantes. NJA Industrie ne saurait \u00eatre tenu responsable de la v\u00e9racit\u00e9 et de la pertinence des contenus ni de l\u2019utilisation et de l\u2019exploitation que l\u2019utilisateur du site pourrait en faire.<\/p>\n<p>Toute reproduction, modification, publication, copie, totale ou partielle du contenu pr\u00e9sent\u00e9 sur les domaines de NJA Industrie, par quelque proc\u00e9d\u00e9 que ce soit et quelque soit le support est interdite.<\/p>\n<h2>Exclusion de garantie<\/h2>\n<p>NJA Industrie s\u2019efforce d\u2019assurer au mieux l\u2019exactitude et la mise \u00e0 jour du contenu du site. N\u00e9anmoins, NJA Industrie d\u00e9cline toute responsabilit\u00e9 en ce qui concerne les informations qui peuvent \u00eatre consult\u00e9es sur ou \u00e0 partir du site, en particulier le contenu, son exhaustivit\u00e9, son exactitude ou sa fiabilit\u00e9. NJA Industrie ne donne aucune garantie quelle qu\u2019elle soit, expresse ou implicite, notamment quant \u00e0 l\u2019absence d\u2019interruption ou d\u2019erreur du service ou aux performances ou r\u00e9sultats d\u00e9coulant de l\u2019utilisation du site. Les informations contenues sur le site peuvent \u00eatre modifi\u00e9es \u00e0 tout moment. NJA Industrie ne peut pas garantir que les informations sont compl\u00e8tes, v\u00e9ridiques ou actuelles.<\/p>\n<h2>Exclusion de responsabilit\u00e9<\/h2>\n<p>NJA Industrie ne pourra \u00eatre tenus responsables \u00e0 votre encontre ou \u00e0 l\u2019encontre de tout tiers pour tous dommages directs, indirects ou cons\u00e9cutifs d\u00e9coulant de l\u2019utilisation des informations et mat\u00e9riels contenus sur le site ou d\u2019autres contenus auxquels vous pourriez avoir acc\u00e8s par le biais de liens \u00e0 partir du site.<\/p>\n<p>Les sites reli\u00e9s directement ou indirectement ne sont pas sous le contr\u00f4le de NJA Industrie. En cons\u00e9quence, NJA Industrie n\u2019assume aucune responsabilit\u00e9 quant aux informations publi\u00e9es sur ces sites. Les liens avec des sites ext\u00e9rieurs ne sont fournis qu\u2019\u00e0 titre de commodit\u00e9 et n\u2019impliquent aucune caution quant \u00e0 leur contenu.<\/p>\n<h2>Protection de la vie priv\u00e9e<\/h2>\n<p>Les donn\u00e9es personnelles collect\u00e9es sont uniquement destin\u00e9es \u00e0 un usage interne. En aucun cas ces donn\u00e9es ne seront c\u00e9d\u00e9es ou vendues \u00e0 des tiers. Conform\u00e9ment \u00e0 la l\u00e9gislation fran\u00e7aise, vous disposez d\u2019un droit d\u2019acc\u00e8s, de modification, de rectification et de suppression des donn\u00e9es qui vous concernent. Pour toute demande, vous pouvez <a href=\"\/contact.html\">nous contacter<\/a>.<\/p>\n<h2>Dispositions RGPD<\/h2>\n<p>NJA Industrie est le responsable du traitement des donn\u00e9es collect\u00e9es sur le site<strong><a href=\"https:\/\/www.nja-racing.com\"> www.NJA Industrie.com<\/a>.<br \/>\n<\/strong><\/p>\n<p>L\u2019utilisateur est notamment inform\u00e9 que conform\u00e9ment \u00e0 l\u2019article 32 de la loi Informatique et libert\u00e9s du 6 janvier 1978 modifi\u00e9e, les informations qu\u2019il communique par les formulaires pr\u00e9sents sur le Site de NJA Industrie sont n\u00e9cessaires pour r\u00e9pondre \u00e0 sa demande et sont destin\u00e9es aux services en charge de r\u00e9pondre \u00e0 sa demande \u00e0 des fins de suivi de cette demande.<\/p>\n<p>Conform\u00e9ment aux dispositions des articles 39 et 40 de la loi \u00ab Informatique et Libert\u00e9s \u00bb du 6 janvier 1978 modifi\u00e9e en 2004, l\u2019utilisateur b\u00e9n\u00e9ficie d\u2019un droit d\u2019acc\u00e8s, de rectification, de mise \u00e0 jour et d\u2019effacement des informations qui le concernent, qu\u2019il peut exercer en s\u2019adressant \u00e0 NJA Industrie, 144 rue des Bosn\u00e9es 74460 MARNAZ, en pr\u00e9cisant dans l\u2019objet du courrier \u00ab Droit des personnes \u00bb et en joignant la copie de son justificatif d\u2019identit\u00e9.<\/p>\n<p>Vous b\u00e9n\u00e9ficiez \u00e9galement du droit de donner des directives sur le sort de vos donn\u00e9es apr\u00e8s votre d\u00e9c\u00e8s.<\/p>\n<p>Conform\u00e9ment aux dispositions de l\u2019article 38 de la loi \u00ab Informatique et Libert\u00e9s \u00bb du 6 janvier 1978 modifi\u00e9e en 2004, l\u2019utilisateur peut \u00e9galement s\u2019opposer, pour des motifs l\u00e9gitimes \u00e0 ce que ses donn\u00e9es fassent l\u2019objet d\u2019un traitement et sans motif et sans frais, \u00e0 ce que ses donn\u00e9es soient utilis\u00e9es \u00e0 des fins de prospection commerciale.<\/p>\n<p>L\u2019utilisateur est inform\u00e9 que lors de ses visites sur le Site www.nja-racing.fr, un cookie peut s\u2019installer automatiquement sur son logiciel de navigation.<\/p>\n<p>Les informations recueillies sur ce site seront conserv\u00e9es pendant une dur\u00e9e de trois ans.<\/p>\n<p>Le cookie est un bloc de donn\u00e9es qui ne permet pas d\u2019identifier les utilisateurs mais sert \u00e0 enregistrer des informations relatives \u00e0 la navigation de celui-ci sur le site. Le param\u00e9trage du logiciel de navigation permet d\u2019informer de la pr\u00e9sence de cookie et \u00e9ventuellement, de la refuser de la mani\u00e8re d\u00e9crite \u00e0 l\u2019adresse suivante www.cnil.fr.<\/p>\n<p>L\u2019utilisateur dispose d\u2019un droit d\u2019acc\u00e8s, de retrait et de modification des donn\u00e9es \u00e0 caract\u00e8re personnel communiqu\u00e9es par le biais des cookies dans les conditions indiqu\u00e9es ci-dessus.<\/p>\n<p>L\u2019utilisateur du site de NJA Industrie est tenu de respecter les dispositions de la loi Informatique et libert\u00e9s du 6 janvier 1978 modifi\u00e9e dont la violation est passible de sanctions p\u00e9nales. Il doit notamment s\u2019abstenir, s\u2019agissant des informations nominatives auxquelles il acc\u00e8de, de toute collecte, de toute utilisation d\u00e9tourn\u00e9e, et d\u2019une mani\u00e8re g\u00e9n\u00e9rale, de tout acte susceptible de porter atteinte \u00e0 la vie priv\u00e9e ou \u00e0 la r\u00e9putation des personnes.<\/p>\n<p><u><a href=\"\/politique-de-confidentialite.html\">Gestion des cookies<\/a><\/u><\/p>\n<div class=\"wpb_wrapper\">\n<div class=\"wpb_text_column wpb_content_element \">\n<div class=\"wpb_wrapper\">\n<div id=\"content\" class=\"container\">\n<article id=\"post-177\" class=\"post-177 page type-page status-publish hentry\">\n<div class=\"entry-content blog_postcontent\">\n<div id=\"devn-434303\" class=\"wpb_row vc_row-fluid \">\n<div class=\"container \">\n<div class=\"vc_col-sm-12 wpb_column vc_column_container \">\n<div class=\"wpb_wrapper\">\n<div class=\"wpb_text_column wpb_content_element \">\n<div class=\"wpb_wrapper\">\n<article id=\"post-19569\" class=\"post-19569 page type-page status-publish hentry\">\n<div class=\"entry-content clearfix\">\n<h2>Liens depuis et vers ce contenu<\/h2>\n<p>Les contenus des domaines de NJA Industrie peuvent inclure des liens vers d\u2019autres sites ou d\u2019autres contenus internet, non propri\u00e9t\u00e9 de la NJA Industrie. En cons\u00e9quence, NJA Industrie ne saurait \u00eatre tenu responsable de ces contenus et du fonctionnement de ces sites (cookies, collecte de donn\u00e9es personnelles, \u2026).<\/p>\n<p>Il est possible de cr\u00e9er des liens vers les contenus compil\u00e9s ou produits par NJA Industrie. Pour optimiser ces liens au b\u00e9n\u00e9fice des 2 sites, NJA Industrie pourra \u00eatre amen\u00e9 \u00e0 demander une modification dans la r\u00e9alisation du lien (mots cl\u00e9s, URL, \u2026).<\/p>\n<h2>Copyright<\/h2>\n<p>Tous droits de reproduction et de diffusion r\u00e9serv\u00e9s. \u00a9 NJA Industrie 2020.<\/p>\n<\/div>\n<\/article>\n<\/div>\n<\/div>\n<\/div>\n<\/div>\n<\/div>\n<\/div>\n<\/div>\n<\/article>\n<\/div>\n<\/div>\n<\/div>\n<\/div>\n<p>[\/vc_column_text][\/vc_column][\/vc_row]<\/p>\n","protected":false},"excerpt":{"rendered":"<p>[vc_row][vc_column][vc_column_text] \u00c9diteur du site Le site www.nja-racing.fr est la propri\u00e9t\u00e9 de la soci\u00e9t\u00e9 NJA Industrie. Siret : 528 940 273 00022 Code APE : D\u00e9colletage (2562A)<span class=\"excerpt-hellip\"> [\u2026]<\/span><\/p>\n","protected":false},"author":1,"featured_media":0,"parent":0,"menu_order":0,"comment_status":"closed","ping_status":"closed","template":"","meta":{"inline_featured_image":false,"footnotes":""},"class_list":["post-1883","page","type-page","status-publish","hentry"],"yoast_head":"<!-- This site is optimized with the Yoast SEO plugin v26.8 - https:\/\/yoast.com\/product\/yoast-seo-wordpress\/ -->\n<title>Legals informations - NJA Racing English<\/title>\n<meta name=\"robots\" content=\"index, follow, max-snippet:-1, max-image-preview:large, max-video-preview:-1\" \/>\n<link rel=\"canonical\" href=\"https:\/\/www.nja-racing.com\/en\/legals-informations\/\" \/>\n<meta property=\"og:locale\" content=\"en_GB\" \/>\n<meta property=\"og:type\" content=\"article\" \/>\n<meta property=\"og:title\" content=\"Legals informations - NJA Racing English\" \/>\n<meta property=\"og:description\" content=\"[vc_row][vc_column][vc_column_text] \u00c9diteur du site Le site www.nja-racing.fr est la propri\u00e9t\u00e9 de la soci\u00e9t\u00e9 NJA Industrie. Siret : 528 940 273 00022 Code APE : D\u00e9colletage (2562A) [\u2026]\" \/>\n<meta property=\"og:url\" content=\"https:\/\/www.nja-racing.com\/en\/legals-informations\/\" \/>\n<meta property=\"og:site_name\" content=\"NJA Racing English\" \/>\n<meta name=\"twitter:card\" content=\"summary_large_image\" \/>\n<meta name=\"twitter:label1\" content=\"Estimated reading time\" \/>\n\t<meta name=\"twitter:data1\" content=\"6 minutes\" \/>\n<script type=\"application\/ld+json\" class=\"yoast-schema-graph\">{\"@context\":\"https:\/\/schema.org\",\"@graph\":[{\"@type\":\"WebPage\",\"@id\":\"https:\/\/www.nja-racing.com\/en\/legals-informations\/\",\"url\":\"https:\/\/www.nja-racing.com\/en\/legals-informations\/\",\"name\":\"Legals informations - NJA Racing English\",\"isPartOf\":{\"@id\":\"https:\/\/www.nja-racing.com\/en\/#website\"},\"datePublished\":\"2022-02-04T08:07:43+00:00\",\"breadcrumb\":{\"@id\":\"https:\/\/www.nja-racing.com\/en\/legals-informations\/#breadcrumb\"},\"inLanguage\":\"en-GB\",\"potentialAction\":[{\"@type\":\"ReadAction\",\"target\":[\"https:\/\/www.nja-racing.com\/en\/legals-informations\/\"]}]},{\"@type\":\"BreadcrumbList\",\"@id\":\"https:\/\/www.nja-racing.com\/en\/legals-informations\/#breadcrumb\",\"itemListElement\":[{\"@type\":\"ListItem\",\"position\":1,\"name\":\"Accueil\",\"item\":\"https:\/\/www.nja-racing.com\/en\/\"},{\"@type\":\"ListItem\",\"position\":2,\"name\":\"Legals informations\"}]},{\"@type\":\"WebSite\",\"@id\":\"https:\/\/www.nja-racing.com\/en\/#website\",\"url\":\"https:\/\/www.nja-racing.com\/en\/\",\"name\":\"NJA Racing English\",\"description\":\"Motocycle part manufacturer\",\"potentialAction\":[{\"@type\":\"SearchAction\",\"target\":{\"@type\":\"EntryPoint\",\"urlTemplate\":\"https:\/\/www.nja-racing.com\/en\/?s={search_term_string}\"},\"query-input\":{\"@type\":\"PropertyValueSpecification\",\"valueRequired\":true,\"valueName\":\"search_term_string\"}}],\"inLanguage\":\"en-GB\"}]}<\/script>\n<!-- \/ Yoast SEO plugin. -->","yoast_head_json":{"title":"Legals informations - NJA Racing English","robots":{"index":"index","follow":"follow","max-snippet":"max-snippet:-1","max-image-preview":"max-image-preview:large","max-video-preview":"max-video-preview:-1"},"canonical":"https:\/\/www.nja-racing.com\/en\/legals-informations\/","og_locale":"en_GB","og_type":"article","og_title":"Legals informations - NJA Racing English","og_description":"[vc_row][vc_column][vc_column_text] \u00c9diteur du site Le site www.nja-racing.fr est la propri\u00e9t\u00e9 de la soci\u00e9t\u00e9 NJA Industrie. Siret : 528 940 273 00022 Code APE : D\u00e9colletage (2562A) [\u2026]","og_url":"https:\/\/www.nja-racing.com\/en\/legals-informations\/","og_site_name":"NJA Racing English","twitter_card":"summary_large_image","twitter_misc":{"Estimated reading time":"6 minutes"},"schema":{"@context":"https:\/\/schema.org","@graph":[{"@type":"WebPage","@id":"https:\/\/www.nja-racing.com\/en\/legals-informations\/","url":"https:\/\/www.nja-racing.com\/en\/legals-informations\/","name":"Legals informations - NJA Racing English","isPartOf":{"@id":"https:\/\/www.nja-racing.com\/en\/#website"},"datePublished":"2022-02-04T08:07:43+00:00","breadcrumb":{"@id":"https:\/\/www.nja-racing.com\/en\/legals-informations\/#breadcrumb"},"inLanguage":"en-GB","potentialAction":[{"@type":"ReadAction","target":["https:\/\/www.nja-racing.com\/en\/legals-informations\/"]}]},{"@type":"BreadcrumbList","@id":"https:\/\/www.nja-racing.com\/en\/legals-informations\/#breadcrumb","itemListElement":[{"@type":"ListItem","position":1,"name":"Accueil","item":"https:\/\/www.nja-racing.com\/en\/"},{"@type":"ListItem","position":2,"name":"Legals informations"}]},{"@type":"WebSite","@id":"https:\/\/www.nja-racing.com\/en\/#website","url":"https:\/\/www.nja-racing.com\/en\/","name":"NJA Racing English","description":"Motocycle part manufacturer","potentialAction":[{"@type":"SearchAction","target":{"@type":"EntryPoint","urlTemplate":"https:\/\/www.nja-racing.com\/en\/?s={search_term_string}"},"query-input":{"@type":"PropertyValueSpecification","valueRequired":true,"valueName":"search_term_string"}}],"inLanguage":"en-GB"}]}},"_links":{"self":[{"href":"https:\/\/www.nja-racing.com\/en\/wp-json\/wp\/v2\/pages\/1883","targetHints":{"allow":["GET"]}}],"collection":[{"href":"https:\/\/www.nja-racing.com\/en\/wp-json\/wp\/v2\/pages"}],"about":[{"href":"https:\/\/www.nja-racing.com\/en\/wp-json\/wp\/v2\/types\/page"}],"author":[{"embeddable":true,"href":"https:\/\/www.nja-racing.com\/en\/wp-json\/wp\/v2\/users\/1"}],"replies":[{"embeddable":true,"href":"https:\/\/www.nja-racing.com\/en\/wp-json\/wp\/v2\/comments?post=1883"}],"version-history":[{"count":1,"href":"https:\/\/www.nja-racing.com\/en\/wp-json\/wp\/v2\/pages\/1883\/revisions"}],"predecessor-version":[{"id":1884,"href":"https:\/\/www.nja-racing.com\/en\/wp-json\/wp\/v2\/pages\/1883\/revisions\/1884"}],"wp:attachment":[{"href":"https:\/\/www.nja-racing.com\/en\/wp-json\/wp\/v2\/media?parent=1883"}],"curies":[{"name":"wp","href":"https:\/\/api.w.org\/{rel}","templated":true}]}}